{"id":1371,"date":"2026-02-14T09:41:12","date_gmt":"2026-02-14T09:41:12","guid":{"rendered":"https:\/\/softsrl.de\/?post_type=product&#038;p=1371"},"modified":"2026-02-14T09:41:12","modified_gmt":"2026-02-14T09:41:12","slug":"office-365-acrobat-pro-2025-i-windows-i","status":"publish","type":"product","link":"https:\/\/softsrl.de\/de\/produkt\/office-365-acrobat-pro-2025-i-windows-i\/","title":{"rendered":"Office 365 + Acrobat Pro 2025 I Windows I"},"content":{"rendered":"<h2 data-start=\"0\" data-end=\"44\">Office 365 + Acrobat Pro 2025 f\u00fcr Windows<\/h2>\n<p data-start=\"46\" data-end=\"469\">Office 365 + Acrobat Pro 2025 ist ein umfassendes Softwarepaket, das moderne Cloud-basierte Office-Anwendungen mit einer professionellen L\u00f6sung f\u00fcr die Erstellung und Bearbeitung von PDF-Dokumenten kombiniert. Diese Kombination bietet eine vollst\u00e4ndige und flexible Arbeitsumgebung f\u00fcr Unternehmen, Selbstst\u00e4ndige, Studenten und Privatanwender, die t\u00e4glich mit Dokumenten, Tabellen, Pr\u00e4sentationen und PDF-Dateien arbeiten.<\/p>\n<p data-start=\"471\" data-end=\"676\">Dieses Paket erm\u00f6glicht Ihnen den Zugriff auf leistungsstarke Office-Tools sowie professionelle PDF-Funktionen, wodurch Sie effizient arbeiten, Dokumente verwalten und Ihre Produktivit\u00e4t maximieren k\u00f6nnen.<\/p>\n<hr data-start=\"678\" data-end=\"681\" \/>\n<h2 data-start=\"683\" data-end=\"747\">Office 365 \u2013 moderne Office-Anwendungen mit Cloud-Integration<\/h2>\n<p data-start=\"749\" data-end=\"982\">Office 365 ist eine moderne B\u00fcrosoftwarel\u00f6sung, die leistungsstarke Anwendungen mit Cloud-Funktionalit\u00e4t kombiniert. Sie erm\u00f6glicht es Ihnen, Dokumente zu erstellen, zu bearbeiten und von verschiedenen Ger\u00e4ten aus darauf zuzugreifen.<\/p>\n<p data-start=\"984\" data-end=\"1024\">Office 365 enth\u00e4lt folgende Anwendungen:<\/p>\n<ul data-start=\"1026\" data-end=\"1394\">\n<li data-start=\"1026\" data-end=\"1092\">\n<p data-start=\"1028\" data-end=\"1092\"><strong data-start=\"1028\" data-end=\"1036\">Word<\/strong> \u2013 professionelle Dokumentenerstellung und Bearbeitung<\/p>\n<\/li>\n<li data-start=\"1093\" data-end=\"1155\">\n<p data-start=\"1095\" data-end=\"1155\"><strong data-start=\"1095\" data-end=\"1104\">Excel<\/strong> \u2013 Tabellenkalkulation, Datenanalyse und Berichte<\/p>\n<\/li>\n<li data-start=\"1156\" data-end=\"1211\">\n<p data-start=\"1158\" data-end=\"1211\"><strong data-start=\"1158\" data-end=\"1172\">PowerPoint<\/strong> \u2013 Erstellung moderner Pr\u00e4sentationen<\/p>\n<\/li>\n<li data-start=\"1212\" data-end=\"1270\">\n<p data-start=\"1214\" data-end=\"1270\"><strong data-start=\"1214\" data-end=\"1225\">Outlook<\/strong> \u2013 E-Mail-Verwaltung, Kalender und Kontakte<\/p>\n<\/li>\n<li data-start=\"1271\" data-end=\"1345\">\n<p data-start=\"1273\" data-end=\"1345\"><strong data-start=\"1273\" data-end=\"1285\">OneDrive<\/strong> \u2013 Cloud-Speicher f\u00fcr sichere Dateispeicherung und Zugriff<\/p>\n<\/li>\n<li data-start=\"1346\" data-end=\"1394\">\n<p data-start=\"1348\" data-end=\"1394\"><strong data-start=\"1348\" data-end=\"1357\">Teams<\/strong> \u2013 Kommunikation und Zusammenarbeit<\/p>\n<\/li>\n<\/ul>\n<p data-start=\"1396\" data-end=\"1429\">Wichtige Vorteile von Office 365:<\/p>\n<ul data-start=\"1431\" data-end=\"1673\">\n<li data-start=\"1431\" data-end=\"1473\">\n<p data-start=\"1433\" data-end=\"1473\">Zugriff auf moderne Office-Anwendungen<\/p>\n<\/li>\n<li data-start=\"1474\" data-end=\"1530\">\n<p data-start=\"1476\" data-end=\"1530\">Cloud-Speicher f\u00fcr sicheren Zugriff auf Ihre Dateien<\/p>\n<\/li>\n<li data-start=\"1531\" data-end=\"1582\">\n<p data-start=\"1533\" data-end=\"1582\">Nutzung auf Windows-PCs und kompatiblen Ger\u00e4ten<\/p>\n<\/li>\n<li data-start=\"1583\" data-end=\"1632\">\n<p data-start=\"1585\" data-end=\"1632\">Ideal f\u00fcr Arbeit, Studium und private Nutzung<\/p>\n<\/li>\n<li data-start=\"1633\" data-end=\"1673\">\n<p data-start=\"1635\" data-end=\"1673\">Flexible und moderne Arbeitsumgebung<\/p>\n<\/li>\n<\/ul>\n<p data-start=\"1675\" data-end=\"1756\">Office 365 bietet eine zuverl\u00e4ssige und effiziente L\u00f6sung f\u00fcr moderne B\u00fcroarbeit.<\/p>\n<hr data-start=\"1758\" data-end=\"1761\" \/>\n<h2 data-start=\"1763\" data-end=\"1815\">Acrobat Pro 2025 \u2013 professionelle PDF-Bearbeitung<\/h2>\n<p data-start=\"1817\" data-end=\"2030\">Acrobat Pro 2025 ist eine leistungsstarke Software zur Erstellung, Bearbeitung und Verwaltung von PDF-Dokumenten. Sie ist ideal f\u00fcr professionelle Anwender und Unternehmen, die regelm\u00e4\u00dfig mit PDF-Dateien arbeiten.<\/p>\n<p data-start=\"2032\" data-end=\"2064\">Mit Acrobat Pro 2025 k\u00f6nnen Sie:<\/p>\n<ul data-start=\"2066\" data-end=\"2333\">\n<li data-start=\"2066\" data-end=\"2106\">\n<p data-start=\"2068\" data-end=\"2106\">PDF-Dateien erstellen und bearbeiten<\/p>\n<\/li>\n<li data-start=\"2107\" data-end=\"2155\">\n<p data-start=\"2109\" data-end=\"2155\">PDF-Dokumente in andere Formate konvertieren<\/p>\n<\/li>\n<li data-start=\"2156\" data-end=\"2192\">\n<p data-start=\"2158\" data-end=\"2192\">Dokumente digital unterschreiben<\/p>\n<\/li>\n<li data-start=\"2193\" data-end=\"2240\">\n<p data-start=\"2195\" data-end=\"2240\">Mehrere Dateien zu einem PDF zusammenf\u00fchren<\/p>\n<\/li>\n<li data-start=\"2241\" data-end=\"2278\">\n<p data-start=\"2243\" data-end=\"2278\">Seiten organisieren und verwalten<\/p>\n<\/li>\n<li data-start=\"2279\" data-end=\"2333\">\n<p data-start=\"2281\" data-end=\"2333\">PDF-Dateien f\u00fcr professionelle Nutzung vorbereiten<\/p>\n<\/li>\n<\/ul>\n<p data-start=\"2335\" data-end=\"2430\">Acrobat Pro bietet eine vollst\u00e4ndige L\u00f6sung f\u00fcr moderne PDF-Workflows und Dokumentenverwaltung.<\/p>\n<hr data-start=\"2432\" data-end=\"2435\" \/>\n<h2 data-start=\"2437\" data-end=\"2492\">Perfekte L\u00f6sung f\u00fcr B\u00fcro, Unternehmen und Homeoffice<\/h2>\n<p data-start=\"2494\" data-end=\"2757\">Die Kombination aus Office 365 und Acrobat Pro 2025 bietet eine vollst\u00e4ndige und professionelle Arbeitsumgebung. Office 365 erm\u00f6glicht die Erstellung und Verwaltung von Dokumenten und Projekten, w\u00e4hrend Acrobat Pro 2025 professionelle PDF-Funktionen bereitstellt.<\/p>\n<p data-start=\"2759\" data-end=\"2786\">Dieses Paket ist ideal f\u00fcr:<\/p>\n<ul data-start=\"2788\" data-end=\"2994\">\n<li data-start=\"2788\" data-end=\"2813\">\n<p data-start=\"2790\" data-end=\"2813\">Unternehmen und B\u00fcros<\/p>\n<\/li>\n<li data-start=\"2814\" data-end=\"2849\">\n<p data-start=\"2816\" data-end=\"2849\">Selbstst\u00e4ndige und Freiberufler<\/p>\n<\/li>\n<li data-start=\"2850\" data-end=\"2889\">\n<p data-start=\"2852\" data-end=\"2889\">Studenten und Bildungseinrichtungen<\/p>\n<\/li>\n<li data-start=\"2890\" data-end=\"2922\">\n<p data-start=\"2892\" data-end=\"2922\">Homeoffice und Remote-Arbeit<\/p>\n<\/li>\n<li data-start=\"2923\" data-end=\"2954\">\n<p data-start=\"2925\" data-end=\"2954\">Verwaltung und Organisation<\/p>\n<\/li>\n<li data-start=\"2955\" data-end=\"2994\">\n<p data-start=\"2957\" data-end=\"2994\">Professionelle Dokumentenverwaltung<\/p>\n<\/li>\n<\/ul>\n<p data-start=\"2996\" data-end=\"3104\">Die Software ist vollst\u00e4ndig kompatibel mit Windows-Systemen und bietet eine stabile und effiziente Nutzung.<\/p>\n<hr data-start=\"3106\" data-end=\"3109\" \/>\n<h2 data-start=\"3111\" data-end=\"3148\">Digitale Lieferung und Aktivierung<\/h2>\n<p data-start=\"3150\" data-end=\"3228\">Dieses Produkt wird vollst\u00e4ndig digital geliefert. Nach dem Kauf erhalten Sie:<\/p>\n<ul data-start=\"3230\" data-end=\"3350\">\n<li data-start=\"3230\" data-end=\"3261\">\n<p data-start=\"3232\" data-end=\"3261\">Lizenzzugang f\u00fcr Office 365<\/p>\n<\/li>\n<li data-start=\"3262\" data-end=\"3302\">\n<p data-start=\"3264\" data-end=\"3302\">Lizenzschl\u00fcssel f\u00fcr Acrobat Pro 2025<\/p>\n<\/li>\n<li data-start=\"3303\" data-end=\"3350\">\n<p data-start=\"3305\" data-end=\"3350\">Download-Links und Installationsanweisungen<\/p>\n<\/li>\n<\/ul>\n<p data-start=\"3352\" data-end=\"3487\">Die Lieferung erfolgt per E-Mail innerhalb von <strong data-start=\"3399\" data-end=\"3412\">1 Werktag<\/strong>, sodass Sie die Software schnell installieren und sofort verwenden k\u00f6nnen.<\/p>\n<p data-start=\"3489\" data-end=\"3606\">Es erfolgt kein physischer Versand. Die digitale Lieferung erm\u00f6glicht eine schnelle, sichere und bequeme Aktivierung.<\/p>","protected":false},"excerpt":{"rendered":"<p>\u2601\ufe0f Office 365 \u2013 moderne Office-Anwendungen mit Cloud-Integration<br data-start=\"3703\" data-end=\"3706\" \/>\ud83d\udcc4 Acrobat Pro 2025 \u2013 professionelle PDF-Bearbeitung und Verwaltung<br data-start=\"3773\" data-end=\"3776\" \/>\ud83d\udcbc Ideal f\u00fcr Unternehmen, B\u00fcro, Studium und Homeoffice<br data-start=\"3830\" data-end=\"3833\" \/>\ud83d\udd10 Sichere und effiziente Dokumentenverwaltung<br data-start=\"3879\" data-end=\"3882\" \/>\ud83d\udce7 Digitale Lieferung per E-Mail innerhalb von 1 Werktag<br data-start=\"3938\" data-end=\"3941\" \/>\u26a1 Sofort einsatzbereit nach Installation und Aktivierung<\/p>","protected":false},"featured_media":1372,"comment_status":"open","ping_status":"closed","template":"","meta":[],"product_brand":[],"product_cat":[34,32,35],"product_tag":[],"class_list":{"0":"post-1371","1":"product","2":"type-product","3":"status-publish","4":"has-post-thumbnail","6":"product_cat-graphical","7":"product_cat-office","8":"product_cat-package-deals","10":"first","11":"instock","12":"virtual","13":"purchasable","14":"product-type-simple"},"_links":{"self":[{"href":"https:\/\/softsrl.de\/de\/wp-json\/wp\/v2\/product\/1371","targetHints":{"allow":["GET"]}}],"collection":[{"href":"https:\/\/softsrl.de\/de\/wp-json\/wp\/v2\/product"}],"about":[{"href":"https:\/\/softsrl.de\/de\/wp-json\/wp\/v2\/types\/product"}],"replies":[{"embeddable":true,"href":"https:\/\/softsrl.de\/de\/wp-json\/wp\/v2\/comments?post=1371"}],"wp:featuredmedia":[{"embeddable":true,"href":"https:\/\/softsrl.de\/de\/wp-json\/wp\/v2\/media\/1372"}],"wp:attachment":[{"href":"https:\/\/softsrl.de\/de\/wp-json\/wp\/v2\/media?parent=1371"}],"wp:term":[{"taxonomy":"product_brand","embeddable":true,"href":"https:\/\/softsrl.de\/de\/wp-json\/wp\/v2\/product_brand?post=1371"},{"taxonomy":"product_cat","embeddable":true,"href":"https:\/\/softsrl.de\/de\/wp-json\/wp\/v2\/product_cat?post=1371"},{"taxonomy":"product_tag","embeddable":true,"href":"https:\/\/softsrl.de\/de\/wp-json\/wp\/v2\/product_tag?post=1371"}],"curies":[{"name":"wp","href":"https:\/\/api.w.org\/{rel}","templated":true}]}}