{"id":1364,"date":"2026-02-14T09:37:35","date_gmt":"2026-02-14T09:37:35","guid":{"rendered":"https:\/\/softsrl.de\/?post_type=product&#038;p=1364"},"modified":"2026-02-14T09:37:35","modified_gmt":"2026-02-14T09:37:35","slug":"office-2024-pro-plus-acrobat-pro-2025-i-windows","status":"publish","type":"product","link":"https:\/\/softsrl.de\/de\/produkt\/office-2024-pro-plus-acrobat-pro-2025-i-windows\/","title":{"rendered":"Office 2024 Pro Plus + Acrobat Pro 2025 I windows"},"content":{"rendered":"<article class=\"text-token-text-primary w-full focus:outline-none [--shadow-height:45px] has-data-writing-block:pointer-events-none has-data-writing-block:-mt-(--shadow-height) has-data-writing-block:pt-(--shadow-height) [&amp;:has([data-writing-block])&gt;*]:pointer-events-auto scroll-mt-(--header-height)\" dir=\"auto\" tabindex=\"-1\" data-turn-id=\"b88f23be-135f-4496-8706-a931062198cf\" data-testid=\"conversation-turn-23\" data-scroll-anchor=\"false\" data-turn=\"user\"><\/article>\n<article class=\"text-token-text-primary w-full focus:outline-none [--shadow-height:45px] has-data-writing-block:pointer-events-none has-data-writing-block:-mt-(--shadow-height) has-data-writing-block:pt-(--shadow-height) [&amp;:has([data-writing-block])&gt;*]:pointer-events-auto scroll-mt-[calc(var(--header-height)+min(200px,max(70px,20svh)))]\" dir=\"auto\" tabindex=\"-1\" data-turn-id=\"request-WEB:6d709061-d761-423d-96db-c17629d99b52-11\" data-testid=\"conversation-turn-24\" data-scroll-anchor=\"true\" data-turn=\"assistant\">\n<div class=\"text-base my-auto mx-auto pb-10 [--thread-content-margin:--spacing(4)] @w-sm\/main:[--thread-content-margin:--spacing(6)] @w-lg\/main:[--thread-content-margin:--spacing(16)] px-(--thread-content-margin)\">\n<div class=\"[--thread-content-max-width:40rem] @w-lg\/main:[--thread-content-max-width:48rem] mx-auto max-w-(--thread-content-max-width) flex-1 group\/turn-messages focus-visible:outline-hidden relative flex w-full min-w-0 flex-col agent-turn\" tabindex=\"-1\">\n<div class=\"flex max-w-full flex-col grow\">\n<div class=\"min-h-8 text-message relative flex w-full flex-col items-end gap-2 text-start break-words whitespace-normal [.text-message+&amp;]:mt-1\" dir=\"auto\" data-message-author-role=\"assistant\" data-message-id=\"c3b18fec-3fc0-4f59-8393-a0eb0237ab01\" data-message-model-slug=\"gpt-5-2\">\n<div class=\"flex w-full flex-col gap-1 empty:hidden first:pt-[1px]\">\n<div class=\"markdown prose dark:prose-invert w-full wrap-break-word dark markdown-new-styling\">\n<h2 data-start=\"0\" data-end=\"54\">Office 2024 Pro Plus + Acrobat Pro 2025 f\u00fcr Windows<\/h2>\n<p data-start=\"56\" data-end=\"533\">Office 2024 Pro Plus + Acrobat Pro 2025 ist ein umfassendes Softwarepaket, das eine vollst\u00e4ndige professionelle B\u00fcroanwendungssuite mit einer leistungsstarken L\u00f6sung f\u00fcr die Erstellung, Bearbeitung und Verwaltung von PDF-Dokumenten kombiniert. Diese Kombination bietet eine vollst\u00e4ndige und zuverl\u00e4ssige Arbeitsumgebung f\u00fcr Unternehmen, B\u00fcros, Selbstst\u00e4ndige, Studenten und professionelle Anwender, die t\u00e4glich mit Dokumenten, Tabellen, Pr\u00e4sentationen und PDF-Dateien arbeiten.<\/p>\n<p data-start=\"535\" data-end=\"729\">Dieses Paket stellt sicher, dass Sie alle notwendigen Werkzeuge f\u00fcr moderne B\u00fcroarbeit und professionelle Dokumentenverwaltung in einer integrierten und effizienten Umgebung zur Verf\u00fcgung haben.<\/p>\n<hr data-start=\"731\" data-end=\"734\" \/>\n<h2 data-start=\"736\" data-end=\"802\">Office 2024 Pro Plus \u2013 vollst\u00e4ndige professionelle Office-Suite<\/h2>\n<p data-start=\"804\" data-end=\"1076\">Office 2024 Pro Plus ist eine umfassende Sammlung moderner B\u00fcroanwendungen, die speziell entwickelt wurden, um Produktivit\u00e4t, Organisation und Kommunikation zu verbessern. Diese Version enth\u00e4lt alle wichtigen Programme, die f\u00fcr professionelle B\u00fcroarbeit erforderlich sind.<\/p>\n<p data-start=\"1078\" data-end=\"1117\">Das Paket enth\u00e4lt folgende Anwendungen:<\/p>\n<ul data-start=\"1119\" data-end=\"1592\">\n<li data-start=\"1119\" data-end=\"1195\">\n<p data-start=\"1121\" data-end=\"1195\"><strong data-start=\"1121\" data-end=\"1134\">Word 2024<\/strong> \u2013 zur Erstellung und Bearbeitung professioneller Dokumente<\/p>\n<\/li>\n<li data-start=\"1196\" data-end=\"1267\">\n<p data-start=\"1198\" data-end=\"1267\"><strong data-start=\"1198\" data-end=\"1212\">Excel 2024<\/strong> \u2013 f\u00fcr Tabellenkalkulation, Datenanalyse und Berichte<\/p>\n<\/li>\n<li data-start=\"1268\" data-end=\"1332\">\n<p data-start=\"1270\" data-end=\"1332\"><strong data-start=\"1270\" data-end=\"1289\">PowerPoint 2024<\/strong> \u2013 zur Erstellung moderner Pr\u00e4sentationen<\/p>\n<\/li>\n<li data-start=\"1333\" data-end=\"1407\">\n<p data-start=\"1335\" data-end=\"1407\"><strong data-start=\"1335\" data-end=\"1351\">Outlook 2024<\/strong> \u2013 zur Verwaltung von E-Mails, Kalendern und Kontakten<\/p>\n<\/li>\n<li data-start=\"1408\" data-end=\"1489\">\n<p data-start=\"1410\" data-end=\"1489\"><strong data-start=\"1410\" data-end=\"1425\">Access 2024<\/strong> \u2013 zur Erstellung und Verwaltung von Datenbanken (nur Windows)<\/p>\n<\/li>\n<li data-start=\"1490\" data-end=\"1592\">\n<p data-start=\"1492\" data-end=\"1592\"><strong data-start=\"1492\" data-end=\"1510\">Publisher 2024<\/strong> \u2013 zur Erstellung von Layouts, Brosch\u00fcren und Marketingmaterialien (nur Windows)<\/p>\n<\/li>\n<\/ul>\n<p data-start=\"1594\" data-end=\"1717\">Diese Anwendungen erm\u00f6glichen es Ihnen, effizient zu arbeiten und professionelle Dokumente und Pr\u00e4sentationen zu erstellen.<\/p>\n<hr data-start=\"1719\" data-end=\"1722\" \/>\n<h2 data-start=\"1724\" data-end=\"1801\">Acrobat Pro 2025 \u2013 professionelle PDF-Bearbeitung und Dokumentenmanagement<\/h2>\n<p data-start=\"1803\" data-end=\"2039\">Acrobat Pro 2025 ist eine leistungsstarke Software zur Erstellung, Bearbeitung, Konvertierung und Verwaltung von PDF-Dokumenten. Sie wird weltweit von Unternehmen und Fachleuten verwendet, um professionelle PDF-Workflows zu erm\u00f6glichen.<\/p>\n<p data-start=\"2041\" data-end=\"2073\">Mit Acrobat Pro 2025 k\u00f6nnen Sie:<\/p>\n<ul data-start=\"2075\" data-end=\"2390\">\n<li data-start=\"2075\" data-end=\"2117\">\n<p data-start=\"2077\" data-end=\"2117\">PDF-Dokumente erstellen und bearbeiten<\/p>\n<\/li>\n<li data-start=\"2118\" data-end=\"2181\">\n<p data-start=\"2120\" data-end=\"2181\">PDF-Dateien in Word, Excel oder andere Formate konvertieren<\/p>\n<\/li>\n<li data-start=\"2182\" data-end=\"2234\">\n<p data-start=\"2184\" data-end=\"2234\">Dokumente digital unterschreiben und vorbereiten<\/p>\n<\/li>\n<li data-start=\"2235\" data-end=\"2282\">\n<p data-start=\"2237\" data-end=\"2282\">Mehrere Dateien zu einem PDF zusammenf\u00fchren<\/p>\n<\/li>\n<li data-start=\"2283\" data-end=\"2333\">\n<p data-start=\"2285\" data-end=\"2333\">Seiten organisieren, hinzuf\u00fcgen oder entfernen<\/p>\n<\/li>\n<li data-start=\"2334\" data-end=\"2390\">\n<p data-start=\"2336\" data-end=\"2390\">PDF-Dokumente f\u00fcr professionelle Nutzung vorbereiten<\/p>\n<\/li>\n<\/ul>\n<p data-start=\"2392\" data-end=\"2500\">Acrobat Pro ist ein unverzichtbares Werkzeug f\u00fcr moderne B\u00fcroarbeit und professionelle Dokumentenverwaltung.<\/p>\n<hr data-start=\"2502\" data-end=\"2505\" \/>\n<h2 data-start=\"2507\" data-end=\"2572\">Ideale L\u00f6sung f\u00fcr Unternehmen, B\u00fcro und professionelle Nutzung<\/h2>\n<p data-start=\"2574\" data-end=\"2865\">Die Kombination aus Office 2024 Pro Plus und Acrobat Pro 2025 bietet eine vollst\u00e4ndige L\u00f6sung f\u00fcr professionelle B\u00fcroarbeit und PDF-Verwaltung. Office erm\u00f6glicht die Erstellung und Bearbeitung von Dokumenten und Pr\u00e4sentationen, w\u00e4hrend Acrobat Pro professionelle PDF-Funktionen bereitstellt.<\/p>\n<p data-start=\"2867\" data-end=\"2894\">Dieses Paket ist ideal f\u00fcr:<\/p>\n<ul data-start=\"2896\" data-end=\"3102\">\n<li data-start=\"2896\" data-end=\"2921\">\n<p data-start=\"2898\" data-end=\"2921\">Unternehmen und B\u00fcros<\/p>\n<\/li>\n<li data-start=\"2922\" data-end=\"2957\">\n<p data-start=\"2924\" data-end=\"2957\">Selbstst\u00e4ndige und Freiberufler<\/p>\n<\/li>\n<li data-start=\"2958\" data-end=\"2989\">\n<p data-start=\"2960\" data-end=\"2989\">Verwaltung und Organisation<\/p>\n<\/li>\n<li data-start=\"2990\" data-end=\"3029\">\n<p data-start=\"2992\" data-end=\"3029\">Studenten und Bildungseinrichtungen<\/p>\n<\/li>\n<li data-start=\"3030\" data-end=\"3069\">\n<p data-start=\"3032\" data-end=\"3069\">Professionelle Dokumentenverwaltung<\/p>\n<\/li>\n<li data-start=\"3070\" data-end=\"3102\">\n<p data-start=\"3072\" data-end=\"3102\">Homeoffice und Remote-Arbeit<\/p>\n<\/li>\n<\/ul>\n<p data-start=\"3104\" data-end=\"3219\">Die Software ist vollst\u00e4ndig kompatibel mit Windows-Systemen und gew\u00e4hrleistet eine stabile und effiziente Nutzung.<\/p>\n<hr data-start=\"3221\" data-end=\"3224\" \/>\n<h2 data-start=\"3226\" data-end=\"3263\">Digitale Lieferung und Aktivierung<\/h2>\n<p data-start=\"3265\" data-end=\"3343\">Dieses Produkt wird vollst\u00e4ndig digital geliefert. Nach dem Kauf erhalten Sie:<\/p>\n<ul data-start=\"3345\" data-end=\"3478\">\n<li data-start=\"3345\" data-end=\"3389\">\n<p data-start=\"3347\" data-end=\"3389\">Lizenzschl\u00fcssel f\u00fcr Office 2024 Pro Plus<\/p>\n<\/li>\n<li data-start=\"3390\" data-end=\"3430\">\n<p data-start=\"3392\" data-end=\"3430\">Lizenzschl\u00fcssel f\u00fcr Acrobat Pro 2025<\/p>\n<\/li>\n<li data-start=\"3431\" data-end=\"3478\">\n<p data-start=\"3433\" data-end=\"3478\">Download-Links und Installationsanweisungen<\/p>\n<\/li>\n<\/ul>\n<p data-start=\"3480\" data-end=\"3615\">Die Lieferung erfolgt per E-Mail innerhalb von <strong data-start=\"3527\" data-end=\"3540\">1 Werktag<\/strong>, sodass Sie die Software schnell installieren und sofort verwenden k\u00f6nnen.<\/p>\n<p data-start=\"3617\" data-end=\"3734\">Es erfolgt kein physischer Versand. Die digitale Lieferung erm\u00f6glicht eine schnelle, sichere und bequeme Aktivierung.<\/p>\n<hr data-start=\"3736\" data-end=\"3739\" \/>\n<h2 data-start=\"3741\" data-end=\"3765\"><\/h2>\n<\/div>\n<\/div>\n<\/div>\n<\/div>\n<\/div>\n<\/div>\n<\/article>\n","protected":false},"excerpt":{"rendered":"<p>\ud83d\udcca Office 2024 Pro Plus \u2013 vollst\u00e4ndige professionelle Office-Suite<br data-start=\"3833\" data-end=\"3836\" \/>\ud83d\udcc4 Acrobat Pro 2025 \u2013 professionelle PDF-Bearbeitung und Verwaltung<br data-start=\"3903\" data-end=\"3906\" \/>\ud83c\udfe2 Ideal f\u00fcr Unternehmen, B\u00fcro, Studium und Homeoffice<br data-start=\"3960\" data-end=\"3963\" \/>\ud83d\udd10 Zuverl\u00e4ssige und effiziente Dokumentenverwaltung<br data-start=\"4014\" data-end=\"4017\" \/>\ud83d\udce7 Digitale Lieferung per E-Mail innerhalb von 1 Werktag<br data-start=\"4073\" data-end=\"4076\" \/>\u26a1 Sofort einsatzbereit nach Installation und Aktivierung<\/p>","protected":false},"featured_media":1369,"comment_status":"open","ping_status":"closed","template":"","meta":[],"product_brand":[],"product_cat":[34,32,35],"product_tag":[],"class_list":{"0":"post-1364","1":"product","2":"type-product","3":"status-publish","4":"has-post-thumbnail","6":"product_cat-graphical","7":"product_cat-office","8":"product_cat-package-deals","10":"first","11":"instock","12":"shipping-taxable","13":"purchasable","14":"product-type-simple"},"_links":{"self":[{"href":"https:\/\/softsrl.de\/de\/wp-json\/wp\/v2\/product\/1364","targetHints":{"allow":["GET"]}}],"collection":[{"href":"https:\/\/softsrl.de\/de\/wp-json\/wp\/v2\/product"}],"about":[{"href":"https:\/\/softsrl.de\/de\/wp-json\/wp\/v2\/types\/product"}],"replies":[{"embeddable":true,"href":"https:\/\/softsrl.de\/de\/wp-json\/wp\/v2\/comments?post=1364"}],"wp:featuredmedia":[{"embeddable":true,"href":"https:\/\/softsrl.de\/de\/wp-json\/wp\/v2\/media\/1369"}],"wp:attachment":[{"href":"https:\/\/softsrl.de\/de\/wp-json\/wp\/v2\/media?parent=1364"}],"wp:term":[{"taxonomy":"product_brand","embeddable":true,"href":"https:\/\/softsrl.de\/de\/wp-json\/wp\/v2\/product_brand?post=1364"},{"taxonomy":"product_cat","embeddable":true,"href":"https:\/\/softsrl.de\/de\/wp-json\/wp\/v2\/product_cat?post=1364"},{"taxonomy":"product_tag","embeddable":true,"href":"https:\/\/softsrl.de\/de\/wp-json\/wp\/v2\/product_tag?post=1364"}],"curies":[{"name":"wp","href":"https:\/\/api.w.org\/{rel}","templated":true}]}}