{"id":1318,"date":"2026-02-08T12:59:56","date_gmt":"2026-02-08T12:59:56","guid":{"rendered":"https:\/\/softsrl.de\/?post_type=product&#038;p=1318"},"modified":"2026-02-08T13:30:34","modified_gmt":"2026-02-08T13:30:34","slug":"inventor-i-3-year-i-windows-i","status":"publish","type":"product","link":"https:\/\/softsrl.de\/de\/produkt\/inventor-i-3-year-i-windows-i\/","title":{"rendered":"Autodesk Inventor I 3 year I Windows I"},"content":{"rendered":"<p data-start=\"1917\" data-end=\"2252\"><strong data-start=\"1917\" data-end=\"1970\">Autodesk Inventor | 3-Jahres-Abonnement | Windows<\/strong> ist eine professionelle <strong data-start=\"1995\" data-end=\"2043\">3D-CAD-Software f\u00fcr mechanische Konstruktion<\/strong>, die f\u00fcr Ingenieure, Maschinenbauer und Produktentwickler entwickelt wurde. Das <strong data-start=\"2124\" data-end=\"2147\">3-Jahres-Abonnement<\/strong> bietet eine langfristige, stabile und wirtschaftliche L\u00f6sung f\u00fcr kontinuierliche professionelle Nutzung.<\/p>\n<p data-start=\"2254\" data-end=\"2698\">Inventor arbeitet mit <strong data-start=\"2276\" data-end=\"2310\">parametrischer 3D-Modellierung<\/strong>, wodurch Bauteile, Baugruppen und komplette mechanische Systeme flexibel angepasst und effizient weiterentwickelt werden k\u00f6nnen. \u00c4nderungen an Ma\u00dfen oder Abh\u00e4ngigkeiten aktualisieren automatisch das gesamte Modell, was die Produktivit\u00e4t steigert und Konstruktionsfehler reduziert. Die Software eignet sich hervorragend f\u00fcr <strong data-start=\"2634\" data-end=\"2654\">gro\u00dfe Baugruppen<\/strong>, Bewegungsanalysen und Kollisionspr\u00fcfungen.<\/p>\n<p data-start=\"2700\" data-end=\"2738\">Zu den wichtigsten Funktionen geh\u00f6ren:<\/p>\n<ul data-start=\"2739\" data-end=\"2952\">\n<li data-start=\"2739\" data-end=\"2770\">\n<p data-start=\"2741\" data-end=\"2770\">Pr\u00e4zise Bauteilmodellierung<\/p>\n<\/li>\n<li data-start=\"2771\" data-end=\"2806\">\n<p data-start=\"2773\" data-end=\"2806\">Verwaltung komplexer Baugruppen<\/p>\n<\/li>\n<li data-start=\"2807\" data-end=\"2861\">\n<p data-start=\"2809\" data-end=\"2861\">Explosionsdarstellungen und technische Zeichnungen<\/p>\n<\/li>\n<li data-start=\"2862\" data-end=\"2899\">\n<p data-start=\"2864\" data-end=\"2899\">Automatische Zeichnungserstellung<\/p>\n<\/li>\n<li data-start=\"2900\" data-end=\"2952\">\n<p data-start=\"2902\" data-end=\"2952\">Grundlegende Simulationen und Belastungsanalysen<\/p>\n<\/li>\n<\/ul>\n<p data-start=\"2954\" data-end=\"3401\">Autodesk Inventor l\u00e4sst sich nahtlos in andere Autodesk-Produkte integrieren und ist ein zentraler Bestandteil moderner Konstruktions-Workflows. Das <strong data-start=\"3103\" data-end=\"3126\">3-Jahres-Abonnement<\/strong> gew\u00e4hrleistet einen dauerhaften Zugriff auf die Software sowie hohe Stabilit\u00e4t und Planungssicherheit. Autodesk Inventor ist ausschlie\u00dflich f\u00fcr <strong data-start=\"3271\" data-end=\"3282\">Windows<\/strong> verf\u00fcgbar und kann <strong data-start=\"3302\" data-end=\"3333\">auch offline genutzt werden<\/strong>, was maximale Flexibilit\u00e4t im professionellen Arbeitsalltag bietet.<\/p>","protected":false},"excerpt":{"rendered":"<p>\u2699\ufe0f Professionelle mechanische 3D-Konstruktion<br data-start=\"3493\" data-end=\"3496\" \/>\ud83d\udda5\ufe0f F\u00fcr Windows optimiert<br data-start=\"3521\" data-end=\"3524\" \/>\ud83d\udcd0 Parametrische Bauteil- &amp; Baugruppenmodelle<br data-start=\"3569\" data-end=\"3572\" \/>\ud83d\udcc4 Technische Zeichnungen &amp; Explosionsansichten<br data-start=\"3619\" data-end=\"3622\" \/>\ud83d\udd27 Simulationen &amp; Kollisionspr\u00fcfung<br data-start=\"3657\" data-end=\"3660\" \/>\u23f3 3-Jahres-Abonnement \u2013 langfristige Nutzung<\/p>","protected":false},"featured_media":1319,"comment_status":"open","ping_status":"closed","template":"","meta":[],"product_brand":[],"product_cat":[33],"product_tag":[],"class_list":{"0":"post-1318","1":"product","2":"type-product","3":"status-publish","4":"has-post-thumbnail","6":"product_cat-design-engineering","8":"first","9":"instock","10":"virtual","11":"purchasable","12":"product-type-simple"},"_links":{"self":[{"href":"https:\/\/softsrl.de\/de\/wp-json\/wp\/v2\/product\/1318","targetHints":{"allow":["GET"]}}],"collection":[{"href":"https:\/\/softsrl.de\/de\/wp-json\/wp\/v2\/product"}],"about":[{"href":"https:\/\/softsrl.de\/de\/wp-json\/wp\/v2\/types\/product"}],"replies":[{"embeddable":true,"href":"https:\/\/softsrl.de\/de\/wp-json\/wp\/v2\/comments?post=1318"}],"wp:featuredmedia":[{"embeddable":true,"href":"https:\/\/softsrl.de\/de\/wp-json\/wp\/v2\/media\/1319"}],"wp:attachment":[{"href":"https:\/\/softsrl.de\/de\/wp-json\/wp\/v2\/media?parent=1318"}],"wp:term":[{"taxonomy":"product_brand","embeddable":true,"href":"https:\/\/softsrl.de\/de\/wp-json\/wp\/v2\/product_brand?post=1318"},{"taxonomy":"product_cat","embeddable":true,"href":"https:\/\/softsrl.de\/de\/wp-json\/wp\/v2\/product_cat?post=1318"},{"taxonomy":"product_tag","embeddable":true,"href":"https:\/\/softsrl.de\/de\/wp-json\/wp\/v2\/product_tag?post=1318"}],"curies":[{"name":"wp","href":"https:\/\/api.w.org\/{rel}","templated":true}]}}