{"id":1314,"date":"2026-02-08T12:52:03","date_gmt":"2026-02-08T12:52:03","guid":{"rendered":"https:\/\/softsrl.de\/?post_type=product&#038;p=1314"},"modified":"2026-02-08T13:31:25","modified_gmt":"2026-02-08T13:31:25","slug":"autodesk-civil-i-3-year-i-windows-i","status":"publish","type":"product","link":"https:\/\/softsrl.de\/de\/produkt\/autodesk-civil-i-3-year-i-windows-i\/","title":{"rendered":"Autodesk Civil I 3 year I Windows I"},"content":{"rendered":"<p data-start=\"1910\" data-end=\"2273\"><strong data-start=\"1910\" data-end=\"1963\">Autodesk Civil 3D | 3-Jahres-Abonnement | Windows<\/strong> ist eine professionelle <strong data-start=\"1988\" data-end=\"2038\">Software f\u00fcr Tiefbau- und Infrastrukturplanung<\/strong>, die f\u00fcr Bauingenieure, Verkehrsplaner, Ingenieurb\u00fcros und Infrastrukturunternehmen entwickelt wurde. Das <strong data-start=\"2145\" data-end=\"2168\">3-Jahres-Abonnement<\/strong> bietet eine langfristige, stabile und wirtschaftliche L\u00f6sung f\u00fcr kontinuierliche professionelle Nutzung.<\/p>\n<p data-start=\"2275\" data-end=\"2627\">Civil 3D arbeitet modellbasiert und erm\u00f6glicht die Erstellung von <strong data-start=\"2341\" data-end=\"2383\">intelligenten 3D-Infrastrukturmodellen<\/strong>. Stra\u00dfen, Trassen, Gel\u00e4ndemodelle, L\u00e4ngs- und Querprofile sowie Leitungsnetze sind miteinander verkn\u00fcpft, sodass \u00c4nderungen automatisch im gesamten Projekt aktualisiert werden. Dies erh\u00f6ht die Planungssicherheit und reduziert Fehler erheblich.<\/p>\n<p data-start=\"2629\" data-end=\"2896\">Die Software bietet leistungsstarke Werkzeuge f\u00fcr <strong data-start=\"2679\" data-end=\"2712\">digitale Gel\u00e4ndemodelle (DGM)<\/strong>, Stra\u00dfen- und Bahnplanung, Kanal- und Leitungsnetze sowie <strong data-start=\"2771\" data-end=\"2811\">Erdbewegungs- und Mengenberechnungen<\/strong>. Detaillierte Auswertungen und Pl\u00e4ne k\u00f6nnen schnell und normgerecht erstellt werden.<\/p>\n<p data-start=\"2898\" data-end=\"3186\">Das <strong data-start=\"2902\" data-end=\"2925\">3-Jahres-Abonnement<\/strong> gew\u00e4hrleistet dauerhaften Zugriff auf die Software und langfristige Planungssicherheit. Autodesk Civil 3D ist ausschlie\u00dflich f\u00fcr <strong data-start=\"3055\" data-end=\"3066\">Windows<\/strong> verf\u00fcgbar und kann <strong data-start=\"3086\" data-end=\"3117\">auch offline genutzt werden<\/strong>, was maximale Flexibilit\u00e4t im B\u00fcro und auf der Baustelle erm\u00f6glicht.<\/p>","protected":false},"excerpt":{"rendered":"<p>\ud83c\udfd7\ufe0f Professionelle Tiefbau- &amp; Infrastruktursoftware<br data-start=\"3284\" data-end=\"3287\" \/>\ud83d\udda5\ufe0f F\u00fcr Windows optimiert<br data-start=\"3312\" data-end=\"3315\" \/>\ud83d\udcd0 Intelligente 3D-Infrastrukturmodelle<br data-start=\"3354\" data-end=\"3357\" \/>\ud83d\udee3\ufe0f Stra\u00dfen-, Bahn- und Leitungsplanung<br data-start=\"3396\" data-end=\"3399\" \/>\ud83d\udcca Mengen- und Erdberechnungen<br data-start=\"3429\" data-end=\"3432\" \/>\u23f3 3-Jahres-Abonnement \u2013 langfristige Nutzung<\/p>","protected":false},"featured_media":1317,"comment_status":"open","ping_status":"closed","template":"","meta":[],"product_brand":[],"product_cat":[33],"product_tag":[],"class_list":{"0":"post-1314","1":"product","2":"type-product","3":"status-publish","4":"has-post-thumbnail","6":"product_cat-design-engineering","8":"first","9":"instock","10":"sale","11":"virtual","12":"purchasable","13":"product-type-simple"},"_links":{"self":[{"href":"https:\/\/softsrl.de\/de\/wp-json\/wp\/v2\/product\/1314","targetHints":{"allow":["GET"]}}],"collection":[{"href":"https:\/\/softsrl.de\/de\/wp-json\/wp\/v2\/product"}],"about":[{"href":"https:\/\/softsrl.de\/de\/wp-json\/wp\/v2\/types\/product"}],"replies":[{"embeddable":true,"href":"https:\/\/softsrl.de\/de\/wp-json\/wp\/v2\/comments?post=1314"}],"wp:featuredmedia":[{"embeddable":true,"href":"https:\/\/softsrl.de\/de\/wp-json\/wp\/v2\/media\/1317"}],"wp:attachment":[{"href":"https:\/\/softsrl.de\/de\/wp-json\/wp\/v2\/media?parent=1314"}],"wp:term":[{"taxonomy":"product_brand","embeddable":true,"href":"https:\/\/softsrl.de\/de\/wp-json\/wp\/v2\/product_brand?post=1314"},{"taxonomy":"product_cat","embeddable":true,"href":"https:\/\/softsrl.de\/de\/wp-json\/wp\/v2\/product_cat?post=1314"},{"taxonomy":"product_tag","embeddable":true,"href":"https:\/\/softsrl.de\/de\/wp-json\/wp\/v2\/product_tag?post=1314"}],"curies":[{"name":"wp","href":"https:\/\/api.w.org\/{rel}","templated":true}]}}