{"id":1295,"date":"2026-02-08T11:41:35","date_gmt":"2026-02-08T11:41:35","guid":{"rendered":"https:\/\/softsrl.de\/?post_type=product&#038;p=1295"},"modified":"2026-02-08T11:41:35","modified_gmt":"2026-02-08T11:41:35","slug":"autocad-2026-i-1-year-i-windows-mac-i","status":"publish","type":"product","link":"https:\/\/softsrl.de\/de\/produkt\/autocad-2026-i-1-year-i-windows-mac-i\/","title":{"rendered":"Autocad 2026 I 1 year I Windows &#038; MAc I"},"content":{"rendered":"<p data-start=\"2435\" data-end=\"2775\"><strong data-start=\"2435\" data-end=\"2473\">AutoCAD 2026 \u2013 1-Jahres-Abonnement<\/strong> ist eine professionelle CAD-Software, die weltweit als Industriestandard im Bereich technisches Zeichnen und Planen gilt. Die Software ist sowohl mit Windows- als auch mit macOS-Betriebssystemen kompatibel und bietet maximale Flexibilit\u00e4t f\u00fcr Ingenieure, Architekten, Planer und technische Fachkr\u00e4fte.<\/p>\n<p data-start=\"2777\" data-end=\"3208\">AutoCAD 2026 bietet leistungsstarke Werkzeuge f\u00fcr <strong data-start=\"2827\" data-end=\"2874\">2D-Zeichnungen und technische Dokumentation<\/strong> sowie f\u00fcr <strong data-start=\"2885\" data-end=\"2923\">3D-Modellierung und Visualisierung<\/strong>. Pr\u00e4zise Zeichenfunktionen, exakte Bema\u00dfung und ein fortschrittliches Ebenenmanagement erm\u00f6glichen die effiziente Erstellung komplexer technischer Pl\u00e4ne. Die Unterst\u00fctzung des DWG-Formats gew\u00e4hrleistet eine reibungslose Zusammenarbeit und hohe Kompatibilit\u00e4t mit anderen CAD-Systemen.<\/p>\n<p data-start=\"3210\" data-end=\"3455\">Die Version 2026 \u00fcberzeugt durch verbesserte Leistung und hohe Stabilit\u00e4t, auch bei umfangreichen Projekten. Die Software ist f\u00fcr moderne Hardware optimiert und sorgt f\u00fcr schnellere Verarbeitung, k\u00fcrzere Ladezeiten und fl\u00fcssigere Arbeitsabl\u00e4ufe.<\/p>\n<p data-start=\"3457\" data-end=\"3709\">Das <strong data-start=\"3461\" data-end=\"3484\">1-Jahres-Abonnement<\/strong> beinhaltet kontinuierliche Updates und Weiterentwicklungen, sodass Nutzer w\u00e4hrend der gesamten Laufzeit stets mit der aktuellsten Version arbeiten k\u00f6nnen. Separate Versionsk\u00e4ufe oder manuelle Updates sind nicht erforderlich.<\/p>\n<p data-start=\"3711\" data-end=\"3750\">AutoCAD 2026 ist die ideale L\u00f6sung f\u00fcr:<\/p>\n<ul data-start=\"3751\" data-end=\"3948\">\n<li data-start=\"3751\" data-end=\"3780\">\n<p data-start=\"3753\" data-end=\"3780\">Architekten und Ingenieure,<\/p>\n<\/li>\n<li data-start=\"3781\" data-end=\"3823\">\n<p data-start=\"3783\" data-end=\"3823\">Maschinenbau- und Elektrotechnik-Planer,<\/p>\n<\/li>\n<li data-start=\"3824\" data-end=\"3850\">\n<p data-start=\"3826\" data-end=\"3850\">Bau- und Ingenieurb\u00fcros,<\/p>\n<\/li>\n<li data-start=\"3851\" data-end=\"3890\">\n<p data-start=\"3853\" data-end=\"3890\">Industrie- und Fertigungsunternehmen,<\/p>\n<\/li>\n<li data-start=\"3891\" data-end=\"3948\">\n<p data-start=\"3893\" data-end=\"3948\">sowie f\u00fcr gesch\u00e4ftliche und professionelle Anwendungen.<\/p>\n<\/li>\n<\/ul>\n<p data-start=\"3950\" data-end=\"4084\">AutoCAD 2026 bietet eine zuverl\u00e4ssige, langfristige L\u00f6sung f\u00fcr pr\u00e4zise, professionelle und normgerechte Planung in jeder Projektphase.<\/p>","protected":false},"excerpt":{"rendered":"<p>\ud83d\udcd0 Professionelle 2D- &amp; 3D-CAD-Software<br data-start=\"4176\" data-end=\"4179\" \/>\ud83d\udcbb Windows &amp; macOS kompatibel<br data-start=\"4208\" data-end=\"4211\" \/>\ud83d\udcc4 DWG-Unterst\u00fctzung<br data-start=\"4231\" data-end=\"4234\" \/>\u2699\ufe0f Hohe Leistung &amp; Stabilit\u00e4t<br data-start=\"4263\" data-end=\"4266\" \/>\ud83d\udd04 Regelm\u00e4\u00dfige Updates f\u00fcr 1 Jahr<br data-start=\"4299\" data-end=\"4302\" \/>\ud83c\udfd7\ufe0f Ideal f\u00fcr Ingenieure &amp; Architekten<\/p>","protected":false},"featured_media":1296,"comment_status":"open","ping_status":"closed","template":"","meta":[],"product_brand":[],"product_cat":[33],"product_tag":[],"class_list":{"0":"post-1295","1":"product","2":"type-product","3":"status-publish","4":"has-post-thumbnail","6":"product_cat-design-engineering","8":"first","9":"instock","10":"virtual","11":"purchasable","12":"product-type-simple"},"_links":{"self":[{"href":"https:\/\/softsrl.de\/de\/wp-json\/wp\/v2\/product\/1295","targetHints":{"allow":["GET"]}}],"collection":[{"href":"https:\/\/softsrl.de\/de\/wp-json\/wp\/v2\/product"}],"about":[{"href":"https:\/\/softsrl.de\/de\/wp-json\/wp\/v2\/types\/product"}],"replies":[{"embeddable":true,"href":"https:\/\/softsrl.de\/de\/wp-json\/wp\/v2\/comments?post=1295"}],"wp:featuredmedia":[{"embeddable":true,"href":"https:\/\/softsrl.de\/de\/wp-json\/wp\/v2\/media\/1296"}],"wp:attachment":[{"href":"https:\/\/softsrl.de\/de\/wp-json\/wp\/v2\/media?parent=1295"}],"wp:term":[{"taxonomy":"product_brand","embeddable":true,"href":"https:\/\/softsrl.de\/de\/wp-json\/wp\/v2\/product_brand?post=1295"},{"taxonomy":"product_cat","embeddable":true,"href":"https:\/\/softsrl.de\/de\/wp-json\/wp\/v2\/product_cat?post=1295"},{"taxonomy":"product_tag","embeddable":true,"href":"https:\/\/softsrl.de\/de\/wp-json\/wp\/v2\/product_tag?post=1295"}],"curies":[{"name":"wp","href":"https:\/\/api.w.org\/{rel}","templated":true}]}}