{"id":1292,"date":"2026-02-08T12:13:26","date_gmt":"2026-02-08T12:13:26","guid":{"rendered":"https:\/\/softsrl.de\/?post_type=product&#038;p=1292"},"modified":"2026-02-08T13:30:08","modified_gmt":"2026-02-08T13:30:08","slug":"autodesk-autocad-2026-i-1-year-i-windows-macos-i","status":"publish","type":"product","link":"https:\/\/softsrl.de\/de\/produkt\/autodesk-autocad-2026-i-1-year-i-windows-macos-i\/","title":{"rendered":"Autodesk AutoCAD 2026 I 1 year I Windows &#038; MacOS I"},"content":{"rendered":"<p data-start=\"1788\" data-end=\"2151\"><strong data-start=\"1788\" data-end=\"1853\">Autodesk AutoCAD 2026 | 1-Jahres-Abonnement | Windows &amp; macOS<\/strong> ist eine der weltweit f\u00fchrenden <strong data-start=\"1886\" data-end=\"1921\">2D- und 3D-CAD-Softwarel\u00f6sungen<\/strong>, entwickelt f\u00fcr Ingenieure, Architekten, Planungsb\u00fcros, Bauunternehmen und technische Fachkr\u00e4fte. Die Version 2026 bietet verbesserte Performance, hohe Stabilit\u00e4t und optimierte Workflows f\u00fcr professionelle Konstruktionsaufgaben.<\/p>\n<p data-start=\"2153\" data-end=\"2527\">AutoCAD 2026 erm\u00f6glicht die Erstellung, Bearbeitung und Dokumentation von <strong data-start=\"2227\" data-end=\"2263\">pr\u00e4zisen technischen Zeichnungen<\/strong>. Leistungsstarke Zeichen- und Bearbeitungswerkzeuge unterst\u00fctzen exaktes Arbeiten mit Linien, Ebenen, Bema\u00dfungen und Beschriftungen nach internationalen Standards. Der Fokus liegt auf effizientem <strong data-start=\"2460\" data-end=\"2475\">2D-Zeichnen<\/strong> sowie grundlegenden <strong data-start=\"2496\" data-end=\"2526\">3D-Modellierungsfunktionen<\/strong>.<\/p>\n<p data-start=\"2529\" data-end=\"2821\">Die neue Version bietet optimiertes <strong data-start=\"2565\" data-end=\"2585\">Block-Management<\/strong>, intelligente Objektfunktionen und Automatisierungen, die die Produktivit\u00e4t deutlich steigern. Dank vollst\u00e4ndiger <strong data-start=\"2700\" data-end=\"2731\">DWG- und DXF-Kompatibilit\u00e4t<\/strong> ist eine reibungslose Zusammenarbeit mit Partnern und anderen CAD-Systemen gew\u00e4hrleistet.<\/p>\n<p data-start=\"2823\" data-end=\"3080\">Das Abonnement kann sowohl unter <strong data-start=\"2856\" data-end=\"2882\">Windows als auch macOS<\/strong> genutzt werden und eignet sich damit perfekt f\u00fcr gemischte Arbeitsumgebungen. AutoCAD 2026 ist zudem <strong data-start=\"2984\" data-end=\"3003\">offline nutzbar<\/strong>, was maximale Flexibilit\u00e4t im B\u00fcro, auf der Baustelle oder unterwegs bietet.<\/p>\n<h3 data-start=\"3082\" data-end=\"3125\"><\/h3>","protected":false},"excerpt":{"rendered":"<p>\ud83d\udcd0 Professionelle 2D- &amp; 3D-CAD-Software<br data-start=\"3166\" data-end=\"3169\" \/>\ud83d\udda5\ufe0f F\u00fcr Windows &amp; macOS<br data-start=\"3192\" data-end=\"3195\" \/>\ud83d\udcc4 Pr\u00e4zise technische Zeichnungen<br data-start=\"3228\" data-end=\"3231\" \/>\ud83e\uddf1 DWG \/ DXF-Unterst\u00fctzung<br data-start=\"3257\" data-end=\"3260\" \/>\u2699\ufe0f Effiziente, moderne Workflows<br data-start=\"3292\" data-end=\"3295\" \/>\u23f3 1-Jahres-Abonnement<\/p>","protected":false},"featured_media":1304,"comment_status":"open","ping_status":"closed","template":"","meta":[],"product_brand":[],"product_cat":[33],"product_tag":[],"class_list":{"0":"post-1292","1":"product","2":"type-product","3":"status-publish","4":"has-post-thumbnail","6":"product_cat-design-engineering","8":"first","9":"instock","10":"virtual","11":"purchasable","12":"product-type-simple"},"_links":{"self":[{"href":"https:\/\/softsrl.de\/de\/wp-json\/wp\/v2\/product\/1292","targetHints":{"allow":["GET"]}}],"collection":[{"href":"https:\/\/softsrl.de\/de\/wp-json\/wp\/v2\/product"}],"about":[{"href":"https:\/\/softsrl.de\/de\/wp-json\/wp\/v2\/types\/product"}],"replies":[{"embeddable":true,"href":"https:\/\/softsrl.de\/de\/wp-json\/wp\/v2\/comments?post=1292"}],"wp:featuredmedia":[{"embeddable":true,"href":"https:\/\/softsrl.de\/de\/wp-json\/wp\/v2\/media\/1304"}],"wp:attachment":[{"href":"https:\/\/softsrl.de\/de\/wp-json\/wp\/v2\/media?parent=1292"}],"wp:term":[{"taxonomy":"product_brand","embeddable":true,"href":"https:\/\/softsrl.de\/de\/wp-json\/wp\/v2\/product_brand?post=1292"},{"taxonomy":"product_cat","embeddable":true,"href":"https:\/\/softsrl.de\/de\/wp-json\/wp\/v2\/product_cat?post=1292"},{"taxonomy":"product_tag","embeddable":true,"href":"https:\/\/softsrl.de\/de\/wp-json\/wp\/v2\/product_tag?post=1292"}],"curies":[{"name":"wp","href":"https:\/\/api.w.org\/{rel}","templated":true}]}}