{"id":1290,"date":"2026-02-08T08:30:40","date_gmt":"2026-02-08T08:30:40","guid":{"rendered":"https:\/\/softsrl.de\/?post_type=product&#038;p=1290"},"modified":"2026-02-08T08:30:40","modified_gmt":"2026-02-08T08:30:40","slug":"autodesk-autocad-2025-i-3-year-i-windows-macos","status":"publish","type":"product","link":"https:\/\/softsrl.de\/de\/produkt\/autodesk-autocad-2025-i-3-year-i-windows-macos\/","title":{"rendered":"Autodesk AutoCAD 2025 I 3 year I Windows &#038; MacOS"},"content":{"rendered":"<p data-start=\"1848\" data-end=\"2290\"><strong data-start=\"1848\" data-end=\"1913\">Autodesk AutoCAD 2025 | 3-Jahres-Abonnement | Windows &amp; macOS<\/strong> ist eine der weltweit f\u00fchrenden <strong data-start=\"1946\" data-end=\"1981\">2D- und 3D-CAD-Softwarel\u00f6sungen<\/strong> und bietet eine langfristige, wirtschaftliche L\u00f6sung f\u00fcr Ingenieure, Architekten, Planungsb\u00fcros, Bauunternehmen und technische Fachkr\u00e4fte. Das 3-Jahres-Abonnement eignet sich ideal f\u00fcr Unternehmen und Profis, die <strong data-start=\"2195\" data-end=\"2246\">Planungssicherheit und kontinuierlichen Zugriff<\/strong> auf professionelle CAD-Werkzeuge ben\u00f6tigen.<\/p>\n<p data-start=\"2292\" data-end=\"2670\">AutoCAD 2025 erm\u00f6glicht die Erstellung, Bearbeitung und Dokumentation von <strong data-start=\"2366\" data-end=\"2426\">pr\u00e4zisen technischen Zeichnungen und Konstruktionspl\u00e4nen<\/strong>. Leistungsstarke Zeichenwerkzeuge unterst\u00fctzen exaktes Arbeiten mit Linien, Ebenen, Bema\u00dfungen und Beschriftungen nach industriellen Standards. Der Fokus liegt auf effizientem <strong data-start=\"2603\" data-end=\"2618\">2D-Zeichnen<\/strong> sowie grundlegenden <strong data-start=\"2639\" data-end=\"2669\">3D-Modellierungsfunktionen<\/strong>.<\/p>\n<p data-start=\"2672\" data-end=\"3059\">Die Version 2025 bietet verbesserte Performance, hohe Stabilit\u00e4t und optimierte Workflows. <strong data-start=\"2763\" data-end=\"2786\">Intelligente Bl\u00f6cke<\/strong>, Automatisierungen und professionelle Objektverwaltung steigern die Produktivit\u00e4t deutlich \u2013 besonders bei umfangreichen Projekten. Dank vollst\u00e4ndiger <strong data-start=\"2938\" data-end=\"2969\">DWG- und DXF-Kompatibilit\u00e4t<\/strong> ist eine reibungslose Zusammenarbeit mit Partnern und anderen CAD-Systemen gew\u00e4hrleistet.<\/p>\n<p data-start=\"3061\" data-end=\"3306\">Das Abonnement ist sowohl unter <strong data-start=\"3093\" data-end=\"3119\">Windows als auch macOS<\/strong> nutzbar und damit ideal f\u00fcr gemischte Arbeitsumgebungen. AutoCAD 2025 kann zudem <strong data-start=\"3201\" data-end=\"3229\">offline verwendet werden<\/strong>, was maximale Flexibilit\u00e4t im B\u00fcro, auf der Baustelle oder unterwegs bietet.<\/p>","protected":false},"excerpt":{"rendered":"<p>\ud83d\udcd0 Professionelle 2D- &amp; 3D-CAD-Software<br data-start=\"3392\" data-end=\"3395\" \/>\ud83d\udda5\ufe0f F\u00fcr Windows &amp; macOS<br data-start=\"3418\" data-end=\"3421\" \/>\ud83d\udcc4 Pr\u00e4zise technische Zeichnungen<br data-start=\"3454\" data-end=\"3457\" \/>\ud83e\uddf1 DWG \/ DXF-Unterst\u00fctzung<br data-start=\"3483\" data-end=\"3486\" \/>\u2699\ufe0f Effiziente, moderne Workflows<br data-start=\"3518\" data-end=\"3521\" \/>\u23f3 3-Jahres-Abonnement \u2013 langfristige Nutzung<\/p>","protected":false},"featured_media":1291,"comment_status":"open","ping_status":"closed","template":"","meta":[],"product_brand":[],"product_cat":[33],"product_tag":[],"class_list":{"0":"post-1290","1":"product","2":"type-product","3":"status-publish","4":"has-post-thumbnail","6":"product_cat-design-engineering","8":"first","9":"instock","10":"shipping-taxable","11":"purchasable","12":"product-type-simple"},"_links":{"self":[{"href":"https:\/\/softsrl.de\/de\/wp-json\/wp\/v2\/product\/1290","targetHints":{"allow":["GET"]}}],"collection":[{"href":"https:\/\/softsrl.de\/de\/wp-json\/wp\/v2\/product"}],"about":[{"href":"https:\/\/softsrl.de\/de\/wp-json\/wp\/v2\/types\/product"}],"replies":[{"embeddable":true,"href":"https:\/\/softsrl.de\/de\/wp-json\/wp\/v2\/comments?post=1290"}],"wp:featuredmedia":[{"embeddable":true,"href":"https:\/\/softsrl.de\/de\/wp-json\/wp\/v2\/media\/1291"}],"wp:attachment":[{"href":"https:\/\/softsrl.de\/de\/wp-json\/wp\/v2\/media?parent=1290"}],"wp:term":[{"taxonomy":"product_brand","embeddable":true,"href":"https:\/\/softsrl.de\/de\/wp-json\/wp\/v2\/product_brand?post=1290"},{"taxonomy":"product_cat","embeddable":true,"href":"https:\/\/softsrl.de\/de\/wp-json\/wp\/v2\/product_cat?post=1290"},{"taxonomy":"product_tag","embeddable":true,"href":"https:\/\/softsrl.de\/de\/wp-json\/wp\/v2\/product_tag?post=1290"}],"curies":[{"name":"wp","href":"https:\/\/api.w.org\/{rel}","templated":true}]}}