{"id":1284,"date":"2026-02-08T08:23:18","date_gmt":"2026-02-08T08:23:18","guid":{"rendered":"https:\/\/softsrl.de\/?post_type=product&#038;p=1284"},"modified":"2026-02-08T08:23:18","modified_gmt":"2026-02-08T08:23:18","slug":"coreldraw-graphics-sutie-2024-i-macos","status":"publish","type":"product","link":"https:\/\/softsrl.de\/de\/produkt\/coreldraw-graphics-sutie-2024-i-macos\/","title":{"rendered":"CorelDRAW Graphics Sutie 2024 I MacOS"},"content":{"rendered":"<p data-start=\"1921\" data-end=\"2314\"><strong data-start=\"1921\" data-end=\"1962\">CorelDRAW Graphics Suite 2024 | macOS<\/strong> ist eine moderne, professionelle <strong data-start=\"1996\" data-end=\"2018\">Grafikdesign-Suite<\/strong>, die speziell f\u00fcr <strong data-start=\"2037\" data-end=\"2053\">Mac-Anwender<\/strong>, Grafikdesigner, Marketingfachleute, kleine Unternehmen und Kreativstudios entwickelt wurde. Sie eignet sich ideal f\u00fcr <strong data-start=\"2173\" data-end=\"2234\">Vektorgrafik, Illustration sowie Print- und Digitaldesign<\/strong>, bei denen Pr\u00e4zision, kreative Freiheit und zuverl\u00e4ssige Leistung gefragt sind.<\/p>\n<p data-start=\"2316\" data-end=\"2654\">Das Herzst\u00fcck der Suite ist <strong data-start=\"2344\" data-end=\"2357\">CorelDRAW<\/strong>, eine leistungsstarke Anwendung zur Erstellung von <strong data-start=\"2409\" data-end=\"2506\">Logos, Corporate-Design-Elementen, Postern, Flyern, Visitenkarten, Brosch\u00fcren und Webgrafiken<\/strong>. Dank der <strong data-start=\"2517\" data-end=\"2549\">vektorbasierten Arbeitsweise<\/strong> lassen sich Designs ohne Qualit\u00e4tsverlust skalieren und flexibel f\u00fcr Druck- und Digitalmedien einsetzen.<\/p>\n<p data-start=\"2656\" data-end=\"3034\">Die <strong data-start=\"2660\" data-end=\"2682\">macOS-Version 2024<\/strong> ist optimal an das Apple-\u00d6kosystem angepasst und nutzt die Leistung moderner Mac-Hardware effizient aus. Die klare, moderne Benutzeroberfl\u00e4che sowie Funktionen wie Ebenenverwaltung, pr\u00e4zise Typografie, professionelles Farbmanagement und objektbasiertes Arbeiten sorgen f\u00fcr einen schnellen und produktiven Workflow \u2013 auch bei komplexen Designprojekten.<\/p>\n<p data-start=\"3036\" data-end=\"3390\">Ein gro\u00dfer Vorteil ist die <strong data-start=\"3063\" data-end=\"3099\">vollst\u00e4ndige Offline-Nutzbarkeit<\/strong> der Software. Dar\u00fcber hinaus bietet die Suite eine hohe Kompatibilit\u00e4t mit g\u00e4ngigen Grafik- und Dateiformaten. CorelDRAW Graphics Suite 2024 | macOS ist die ideale L\u00f6sung f\u00fcr alle, die eine <strong data-start=\"3290\" data-end=\"3336\">klassische, abonnementfreie Grafiksoftware<\/strong> f\u00fcr professionelle Designarbeiten auf dem Mac suchen.<\/p>","protected":false},"excerpt":{"rendered":"<p data-start=\"3437\" data-end=\"3688\">\ud83c\udf4e Optimiert f\u00fcr macOS<br data-start=\"3459\" data-end=\"3462\" \/>\ud83c\udfa8 Professionelle Grafik- und Vektordesign-Suite<br data-start=\"3510\" data-end=\"3513\" \/>\ud83d\udcd0 Skalierbare Vektorgrafiken ohne Qualit\u00e4tsverlust<br data-start=\"3564\" data-end=\"3567\" \/>\u270f\ufe0f Logos, Print- und Marketingdesign<br data-start=\"3603\" data-end=\"3606\" \/>\ud83e\udde9 Ebenen, Typografie und Farbmanagement<br data-start=\"3646\" data-end=\"3649\" \/>\u26a1 Schnell, stabil und offline nutzbar<\/p>","protected":false},"featured_media":1285,"comment_status":"open","ping_status":"closed","template":"","meta":[],"product_brand":[],"product_cat":[33],"product_tag":[],"class_list":{"0":"post-1284","1":"product","2":"type-product","3":"status-publish","4":"has-post-thumbnail","6":"product_cat-design-engineering","8":"first","9":"instock","10":"shipping-taxable","11":"purchasable","12":"product-type-simple"},"_links":{"self":[{"href":"https:\/\/softsrl.de\/de\/wp-json\/wp\/v2\/product\/1284","targetHints":{"allow":["GET"]}}],"collection":[{"href":"https:\/\/softsrl.de\/de\/wp-json\/wp\/v2\/product"}],"about":[{"href":"https:\/\/softsrl.de\/de\/wp-json\/wp\/v2\/types\/product"}],"replies":[{"embeddable":true,"href":"https:\/\/softsrl.de\/de\/wp-json\/wp\/v2\/comments?post=1284"}],"wp:featuredmedia":[{"embeddable":true,"href":"https:\/\/softsrl.de\/de\/wp-json\/wp\/v2\/media\/1285"}],"wp:attachment":[{"href":"https:\/\/softsrl.de\/de\/wp-json\/wp\/v2\/media?parent=1284"}],"wp:term":[{"taxonomy":"product_brand","embeddable":true,"href":"https:\/\/softsrl.de\/de\/wp-json\/wp\/v2\/product_brand?post=1284"},{"taxonomy":"product_cat","embeddable":true,"href":"https:\/\/softsrl.de\/de\/wp-json\/wp\/v2\/product_cat?post=1284"},{"taxonomy":"product_tag","embeddable":true,"href":"https:\/\/softsrl.de\/de\/wp-json\/wp\/v2\/product_tag?post=1284"}],"curies":[{"name":"wp","href":"https:\/\/api.w.org\/{rel}","templated":true}]}}