{"id":1282,"date":"2026-02-08T08:21:17","date_gmt":"2026-02-08T08:21:17","guid":{"rendered":"https:\/\/softsrl.de\/?post_type=product&#038;p=1282"},"modified":"2026-02-08T08:21:17","modified_gmt":"2026-02-08T08:21:17","slug":"coreldraw-graphics-suite-2022-i-macos","status":"publish","type":"product","link":"https:\/\/softsrl.de\/de\/produkt\/coreldraw-graphics-suite-2022-i-macos\/","title":{"rendered":"CorelDRAW Graphics Suite 2022 I MacOS"},"content":{"rendered":"<p data-start=\"1904\" data-end=\"2276\"><strong data-start=\"1904\" data-end=\"1945\">CorelDRAW Graphics Suite 2022 | macOS<\/strong> ist eine professionelle <strong data-start=\"1970\" data-end=\"1992\">Grafikdesign-Suite<\/strong>, die speziell f\u00fcr <strong data-start=\"2011\" data-end=\"2027\">Mac-Anwender<\/strong>, Grafikdesigner, Marketingfachleute, kleine Unternehmen und Kreativstudios entwickelt wurde. Sie eignet sich ideal f\u00fcr <strong data-start=\"2147\" data-end=\"2208\">Vektorgrafik, Illustration sowie Print- und Digitaldesign<\/strong>, bei denen Pr\u00e4zision, Kreativit\u00e4t und Zuverl\u00e4ssigkeit gefragt sind.<\/p>\n<p data-start=\"2278\" data-end=\"2607\">Das Herzst\u00fcck der Suite ist <strong data-start=\"2306\" data-end=\"2319\">CorelDRAW<\/strong>, eine leistungsstarke Anwendung zur Erstellung von <strong data-start=\"2371\" data-end=\"2468\">Logos, Corporate-Design-Elementen, Flyern, Postern, Visitenkarten, Brosch\u00fcren und Webgrafiken<\/strong>. Dank der <strong data-start=\"2479\" data-end=\"2511\">vektorbasierten Arbeitsweise<\/strong> lassen sich Designs verlustfrei skalieren und flexibel f\u00fcr Druck und digitale Medien einsetzen.<\/p>\n<p data-start=\"2609\" data-end=\"2995\">Die macOS-Version von CorelDRAW Graphics Suite 2022 ist <strong data-start=\"2665\" data-end=\"2709\">optimal an das Apple-\u00d6kosystem angepasst<\/strong> und nutzt die Performance von Mac-Hardware effizient aus. Die moderne, \u00fcbersichtliche Benutzeroberfl\u00e4che sorgt f\u00fcr einen fl\u00fcssigen und produktiven Workflow. Funktionen wie Ebenenverwaltung, pr\u00e4zise Typografie und professionelle Farbsteuerung unterst\u00fctzen anspruchsvolle Designprojekte.<\/p>\n<p data-start=\"2997\" data-end=\"3342\">Ein gro\u00dfer Vorteil ist die <strong data-start=\"3024\" data-end=\"3060\">vollst\u00e4ndige Offline-Nutzbarkeit<\/strong> der Software. Zudem bietet die Suite eine hohe Kompatibilit\u00e4t mit g\u00e4ngigen Grafik- und Dateiformaten. CorelDRAW Graphics Suite 2022 | macOS ist die ideale L\u00f6sung f\u00fcr alle, die eine <strong data-start=\"3242\" data-end=\"3288\">klassische, abonnementfreie Grafiksoftware<\/strong> f\u00fcr professionelle Designarbeiten auf dem Mac suchen.<\/p>","protected":false},"excerpt":{"rendered":"<p>\ud83c\udf4e Optimiert f\u00fcr macOS<br data-start=\"3411\" data-end=\"3414\" \/>\ud83c\udfa8 Professionelle Grafik- und Vektordesign-Suite<br data-start=\"3462\" data-end=\"3465\" \/>\ud83d\udcd0 Skalierbare Vektorgrafiken<br data-start=\"3494\" data-end=\"3497\" \/>\u270f\ufe0f Logos, Print- und Marketingdesign<br data-start=\"3533\" data-end=\"3536\" \/>\ud83e\udde9 Ebenen, Typografie und Farbmanagement<br data-start=\"3576\" data-end=\"3579\" \/>\u26a1 Schnell, stabil und offline nutzbar<\/p>","protected":false},"featured_media":1283,"comment_status":"open","ping_status":"closed","template":"","meta":[],"product_brand":[],"product_cat":[33],"product_tag":[],"class_list":{"0":"post-1282","1":"product","2":"type-product","3":"status-publish","4":"has-post-thumbnail","6":"product_cat-design-engineering","8":"first","9":"instock","10":"shipping-taxable","11":"purchasable","12":"product-type-simple"},"_links":{"self":[{"href":"https:\/\/softsrl.de\/de\/wp-json\/wp\/v2\/product\/1282","targetHints":{"allow":["GET"]}}],"collection":[{"href":"https:\/\/softsrl.de\/de\/wp-json\/wp\/v2\/product"}],"about":[{"href":"https:\/\/softsrl.de\/de\/wp-json\/wp\/v2\/types\/product"}],"replies":[{"embeddable":true,"href":"https:\/\/softsrl.de\/de\/wp-json\/wp\/v2\/comments?post=1282"}],"wp:featuredmedia":[{"embeddable":true,"href":"https:\/\/softsrl.de\/de\/wp-json\/wp\/v2\/media\/1283"}],"wp:attachment":[{"href":"https:\/\/softsrl.de\/de\/wp-json\/wp\/v2\/media?parent=1282"}],"wp:term":[{"taxonomy":"product_brand","embeddable":true,"href":"https:\/\/softsrl.de\/de\/wp-json\/wp\/v2\/product_brand?post=1282"},{"taxonomy":"product_cat","embeddable":true,"href":"https:\/\/softsrl.de\/de\/wp-json\/wp\/v2\/product_cat?post=1282"},{"taxonomy":"product_tag","embeddable":true,"href":"https:\/\/softsrl.de\/de\/wp-json\/wp\/v2\/product_tag?post=1282"}],"curies":[{"name":"wp","href":"https:\/\/api.w.org\/{rel}","templated":true}]}}