{"id":1272,"date":"2026-02-08T08:08:40","date_gmt":"2026-02-08T08:08:40","guid":{"rendered":"https:\/\/softsrl.de\/?post_type=product&#038;p=1272"},"modified":"2026-02-08T08:08:40","modified_gmt":"2026-02-08T08:08:40","slug":"premiere-pro-2025-i-windows","status":"publish","type":"product","link":"https:\/\/softsrl.de\/de\/produkt\/premiere-pro-2025-i-windows\/","title":{"rendered":"Premiere Pro 2025 I Windows"},"content":{"rendered":"<p data-start=\"1917\" data-end=\"2299\"><strong data-start=\"1917\" data-end=\"1948\">Premiere Pro 2025 | Windows<\/strong> ist eine moderne, leistungsstarke <strong data-start=\"1983\" data-end=\"2023\">professionelle Videoschnitt-Software<\/strong>, die f\u00fcr Videografen, Filmemacher, Content-Creator, Marketingteams und Kreativstudios entwickelt wurde. Sie eignet sich ideal f\u00fcr die Erstellung von <strong data-start=\"2173\" data-end=\"2284\">YouTube-Videos, Werbefilmen, Schulungsvideos, Social-Media-Content sowie anspruchsvollen Video-Produktionen<\/strong> unter Windows.<\/p>\n<p data-start=\"2301\" data-end=\"2617\">Premiere Pro 2025 bietet eine <strong data-start=\"2331\" data-end=\"2374\">flexible, timeline-basierte Bearbeitung<\/strong>, mit der mehrere Video- und Audiospuren pr\u00e4zise gesteuert werden k\u00f6nnen. Die Software unterst\u00fctzt g\u00e4ngige Formate und Codecs sowie <strong data-start=\"2506\" data-end=\"2537\">Full HD- und 4K-Aufl\u00f6sungen<\/strong>, wodurch professionelle Ergebnisse f\u00fcr verschiedenste Plattformen m\u00f6glich sind.<\/p>\n<p data-start=\"2619\" data-end=\"2657\">Zu den wichtigsten Funktionen geh\u00f6ren:<\/p>\n<ul data-start=\"2658\" data-end=\"2881\">\n<li data-start=\"2658\" data-end=\"2711\">\n<p data-start=\"2660\" data-end=\"2711\">Schneiden, Anordnen und Bearbeiten von Videoclips<\/p>\n<\/li>\n<li data-start=\"2712\" data-end=\"2761\">\n<p data-start=\"2714\" data-end=\"2761\">Farbkorrektur und grundlegendes Color Grading<\/p>\n<\/li>\n<li data-start=\"2762\" data-end=\"2803\">\n<p data-start=\"2764\" data-end=\"2803\">Titel, Untertitel und animierte Texte<\/p>\n<\/li>\n<li data-start=\"2804\" data-end=\"2846\">\n<p data-start=\"2806\" data-end=\"2846\">Audiobearbeitung und Sound-Optimierung<\/p>\n<\/li>\n<li data-start=\"2847\" data-end=\"2881\">\n<p data-start=\"2849\" data-end=\"2881\">\u00dcberg\u00e4nge und visuelle Effekte<\/p>\n<\/li>\n<\/ul>\n<p data-start=\"2883\" data-end=\"3207\">Premiere Pro 2025 l\u00e4sst sich nahtlos in professionelle Video-Workflows integrieren und arbeitet zuverl\u00e4ssig mit anderen kreativen Anwendungen zusammen. Unter Windows \u00fcberzeugt die Software durch <strong data-start=\"3078\" data-end=\"3134\">hohe Stabilit\u00e4t, Performance und Offline-Nutzbarkeit<\/strong>, was sie zu einer idealen L\u00f6sung f\u00fcr professionelle Videoprojekte macht.<\/p>\n<h3 data-start=\"3209\" data-end=\"3252\"><\/h3>","protected":false},"excerpt":{"rendered":"<p data-start=\"3254\" data-end=\"3459\">\ud83c\udfac Professionelle Videobearbeitung<br data-start=\"3288\" data-end=\"3291\" \/>\ud83d\udda5\ufe0f Optimiert f\u00fcr Windows<br data-start=\"3316\" data-end=\"3319\" \/>\u23f1\ufe0f Timeline-basierter Videoschnitt<br data-start=\"3353\" data-end=\"3356\" \/>\ud83c\udfa8 Farbkorrektur und Effekte<br data-start=\"3384\" data-end=\"3387\" \/>\ud83d\udd0a Audiobearbeitung und Untertitel<br data-start=\"3421\" data-end=\"3424\" \/>\u26a1 Schnell, stabil und zuverl\u00e4ssig<\/p>","protected":false},"featured_media":1273,"comment_status":"open","ping_status":"closed","template":"","meta":[],"product_brand":[],"product_cat":[34],"product_tag":[],"class_list":{"0":"post-1272","1":"product","2":"type-product","3":"status-publish","4":"has-post-thumbnail","6":"product_cat-graphical","8":"first","9":"instock","10":"shipping-taxable","11":"purchasable","12":"product-type-simple"},"_links":{"self":[{"href":"https:\/\/softsrl.de\/de\/wp-json\/wp\/v2\/product\/1272","targetHints":{"allow":["GET"]}}],"collection":[{"href":"https:\/\/softsrl.de\/de\/wp-json\/wp\/v2\/product"}],"about":[{"href":"https:\/\/softsrl.de\/de\/wp-json\/wp\/v2\/types\/product"}],"replies":[{"embeddable":true,"href":"https:\/\/softsrl.de\/de\/wp-json\/wp\/v2\/comments?post=1272"}],"wp:featuredmedia":[{"embeddable":true,"href":"https:\/\/softsrl.de\/de\/wp-json\/wp\/v2\/media\/1273"}],"wp:attachment":[{"href":"https:\/\/softsrl.de\/de\/wp-json\/wp\/v2\/media?parent=1272"}],"wp:term":[{"taxonomy":"product_brand","embeddable":true,"href":"https:\/\/softsrl.de\/de\/wp-json\/wp\/v2\/product_brand?post=1272"},{"taxonomy":"product_cat","embeddable":true,"href":"https:\/\/softsrl.de\/de\/wp-json\/wp\/v2\/product_cat?post=1272"},{"taxonomy":"product_tag","embeddable":true,"href":"https:\/\/softsrl.de\/de\/wp-json\/wp\/v2\/product_tag?post=1272"}],"curies":[{"name":"wp","href":"https:\/\/api.w.org\/{rel}","templated":true}]}}