{"id":1248,"date":"2026-02-08T07:22:38","date_gmt":"2026-02-08T07:22:38","guid":{"rendered":"https:\/\/softsrl.de\/?post_type=product&#038;p=1248"},"modified":"2026-02-08T07:23:41","modified_gmt":"2026-02-08T07:23:41","slug":"photoshop-2021-i-windows","status":"publish","type":"product","link":"https:\/\/softsrl.de\/de\/produkt\/photoshop-2021-i-windows\/","title":{"rendered":"Photoshop 2021 I windows"},"content":{"rendered":"<h2 data-start=\"1605\" data-end=\"1669\"><strong data-start=\"1608\" data-end=\"1669\">Photoshop 2021 | Windows \u2013 ausf\u00fchrliche Beschreibung (DE)<\/strong><\/h2>\n<p data-start=\"1671\" data-end=\"2006\"><strong data-start=\"1671\" data-end=\"1699\">Photoshop 2021 | Windows<\/strong> ist eine bew\u00e4hrte und professionelle Bildbearbeitungssoftware, die von Grafikdesignern, Fotografen, Marketingexperten und Kreativschaffenden weltweit eingesetzt wird. Diese Version bietet einen stabilen und ausgereiften Funktionsumfang f\u00fcr anspruchsvolle Bildbearbeitung und kreatives Design unter Windows.<\/p>\n<p data-start=\"2008\" data-end=\"2370\">Photoshop 2021 erm\u00f6glicht <strong data-start=\"2034\" data-end=\"2062\">ebenenbasiertes Arbeiten<\/strong>, wodurch jedes Bildelement separat bearbeitet und angepasst werden kann. Pr\u00e4zise Auswahlwerkzeuge, Masken und Einstellungsebenen sorgen f\u00fcr maximale Kontrolle und professionelle Ergebnisse. Die Software unterst\u00fctzt zudem die Bearbeitung von <strong data-start=\"2304\" data-end=\"2319\">RAW-Dateien<\/strong>, was sie besonders attraktiv f\u00fcr Fotografen macht.<\/p>\n<p data-start=\"2372\" data-end=\"2410\">Zu den wichtigsten Funktionen geh\u00f6ren:<\/p>\n<ul data-start=\"2411\" data-end=\"2588\">\n<li data-start=\"2411\" data-end=\"2447\">\n<p data-start=\"2413\" data-end=\"2447\">Bildretusche und Fehlerkorrektur<\/p>\n<\/li>\n<li data-start=\"2448\" data-end=\"2480\">\n<p data-start=\"2450\" data-end=\"2480\">Farb- und Tonwertanpassungen<\/p>\n<\/li>\n<li data-start=\"2481\" data-end=\"2516\">\n<p data-start=\"2483\" data-end=\"2516\">Ebenenstile, Filter und Effekte<\/p>\n<\/li>\n<li data-start=\"2517\" data-end=\"2548\">\n<p data-start=\"2519\" data-end=\"2548\">Text- und Grafikbearbeitung<\/p>\n<\/li>\n<li data-start=\"2549\" data-end=\"2588\">\n<p data-start=\"2551\" data-end=\"2588\">Digitale Illustration und Zeichnung<\/p>\n<\/li>\n<\/ul>\n<p data-start=\"2590\" data-end=\"2879\">Ein gro\u00dfer Vorteil von Photoshop 2021 ist die <strong data-start=\"2636\" data-end=\"2663\">stabile Offline-Nutzung<\/strong> sowie die zuverl\u00e4ssige Performance. Die Software l\u00e4sst sich nahtlos in professionelle Kreativ-Workflows integrieren und eignet sich ideal f\u00fcr Grafikdesign, Fotobearbeitung, Marketingmaterialien und digitale Inhalte.<\/p>","protected":false},"excerpt":{"rendered":"<p data-start=\"2926\" data-end=\"3139\">\ud83c\udfa8 Professionelle Bildbearbeitung<br data-start=\"2959\" data-end=\"2962\" \/>\ud83d\udda5\ufe0f Optimiert f\u00fcr Windows<br data-start=\"2987\" data-end=\"2990\" \/>\ud83e\udde9 Ebenenbasierte Bearbeitung<br data-start=\"3019\" data-end=\"3022\" \/>\ud83d\udcf8 RAW-Unterst\u00fctzung und Fotoretusche<br data-start=\"3059\" data-end=\"3062\" \/>\u270f\ufe0f Grafikdesign und Illustration<br data-start=\"3094\" data-end=\"3097\" \/>\u26a1 Stabil, leistungsstark und zuverl\u00e4ssig<\/p>","protected":false},"featured_media":1249,"comment_status":"open","ping_status":"closed","template":"","meta":[],"product_brand":[],"product_cat":[34],"product_tag":[],"class_list":{"0":"post-1248","1":"product","2":"type-product","3":"status-publish","4":"has-post-thumbnail","6":"product_cat-graphical","8":"first","9":"instock","10":"virtual","11":"purchasable","12":"product-type-simple"},"_links":{"self":[{"href":"https:\/\/softsrl.de\/de\/wp-json\/wp\/v2\/product\/1248","targetHints":{"allow":["GET"]}}],"collection":[{"href":"https:\/\/softsrl.de\/de\/wp-json\/wp\/v2\/product"}],"about":[{"href":"https:\/\/softsrl.de\/de\/wp-json\/wp\/v2\/types\/product"}],"replies":[{"embeddable":true,"href":"https:\/\/softsrl.de\/de\/wp-json\/wp\/v2\/comments?post=1248"}],"wp:featuredmedia":[{"embeddable":true,"href":"https:\/\/softsrl.de\/de\/wp-json\/wp\/v2\/media\/1249"}],"wp:attachment":[{"href":"https:\/\/softsrl.de\/de\/wp-json\/wp\/v2\/media?parent=1248"}],"wp:term":[{"taxonomy":"product_brand","embeddable":true,"href":"https:\/\/softsrl.de\/de\/wp-json\/wp\/v2\/product_brand?post=1248"},{"taxonomy":"product_cat","embeddable":true,"href":"https:\/\/softsrl.de\/de\/wp-json\/wp\/v2\/product_cat?post=1248"},{"taxonomy":"product_tag","embeddable":true,"href":"https:\/\/softsrl.de\/de\/wp-json\/wp\/v2\/product_tag?post=1248"}],"curies":[{"name":"wp","href":"https:\/\/api.w.org\/{rel}","templated":true}]}}