{"id":1246,"date":"2026-02-08T07:21:57","date_gmt":"2026-02-08T07:21:57","guid":{"rendered":"https:\/\/softsrl.de\/?post_type=product&#038;p=1246"},"modified":"2026-02-08T07:21:57","modified_gmt":"2026-02-08T07:21:57","slug":"lightroom-2021-i-windows","status":"publish","type":"product","link":"https:\/\/softsrl.de\/de\/produkt\/lightroom-2021-i-windows\/","title":{"rendered":"Lightroom 2021 I Windows"},"content":{"rendered":"<h2 data-start=\"2628\" data-end=\"2692\"><strong data-start=\"2631\" data-end=\"2692\">Lightroom 2021 | Windows \u2013 ausf\u00fchrliche Beschreibung (DE)<\/strong><\/h2>\n<p data-start=\"2694\" data-end=\"3101\"><strong data-start=\"2694\" data-end=\"2712\">Lightroom 2021<\/strong> ist eine fr\u00fchere Version der professionellen Fotoverwaltungs- und Bildbearbeitungssoftware von <span class=\"hover:entity-accent entity-underline inline cursor-pointer align-baseline\"><span class=\"whitespace-normal\">Adobe<\/span><\/span> f\u00fcr <strong data-start=\"2850\" data-end=\"2861\">Windows<\/strong>. Diese Version kombiniert leistungsstarke Werkzeuge zur Fotoorganisation und Bearbeitung in einer benutzerfreundlichen Oberfl\u00e4che und eignet sich besonders gut f\u00fcr Fotografen mit gro\u00dfen Bildsammlungen.<\/p>\n<h3 data-start=\"3103\" data-end=\"3152\">\ud83d\udcf8 Umfassende Fotoverwaltung und -bearbeitung<\/h3>\n<p data-start=\"3154\" data-end=\"3568\">Mit Lightroom 2021 kannst du Fotos importieren, mit <strong data-start=\"3206\" data-end=\"3250\">Schl\u00fcsselw\u00f6rtern, Bewertungen und Farben<\/strong> organisieren und professionell bearbeiten. Die Software unterst\u00fctzt insbesondere <strong data-start=\"3332\" data-end=\"3347\">RAW-Formate<\/strong>, sodass du das Maximum an Bildinformationen aus deinen Aufnahmen herausholst. Gleichzeitig bleiben die Originalbilder unver\u00e4ndert, da alle Bearbeitungen separat gespeichert werden.<\/p>\n<h3 data-start=\"3570\" data-end=\"3624\">\ud83d\udd8c\ufe0f Erweiterte Funktionen f\u00fcr kreative Bearbeitung<\/h3>\n<p data-start=\"3626\" data-end=\"3715\">Die 2021er Version brachte mehrere Verbesserungen gegen\u00fcber fr\u00fcheren Lightroom-Varianten:<\/p>\n<ul data-start=\"3717\" data-end=\"4131\">\n<li data-start=\"3717\" data-end=\"3852\">\n<p data-start=\"3719\" data-end=\"3852\"><strong data-start=\"3719\" data-end=\"3751\">Verbesserte Farbkalibrierung<\/strong> und feinere Farbanpassungsoptionen f\u00fcr kreativen Ausdruck.<\/p>\n<\/li>\n<li data-start=\"3853\" data-end=\"3998\">\n<p data-start=\"3855\" data-end=\"3998\"><strong data-start=\"3855\" data-end=\"3886\">Live Tethered Unterst\u00fctzung<\/strong> f\u00fcr ausgew\u00e4hlte Canon Kameras \u2013 besonders hilfreich im Studiobetrieb.<\/p>\n<\/li>\n<li data-start=\"3999\" data-end=\"4131\">\n<p data-start=\"4001\" data-end=\"4131\"><strong data-start=\"4001\" data-end=\"4027\">Leistungsoptimierungen<\/strong> und Stabilit\u00e4tsverbesserungen auch bei gro\u00dfen Fotobibliotheken.<\/p>\n<\/li>\n<\/ul>\n<h3 data-start=\"4133\" data-end=\"4182\">\ud83d\udda5\ufe0f Effizienter Workflow und Exportfunktionen<\/h3>\n<p data-start=\"4184\" data-end=\"4493\">Lightroom 2021 bietet eine solide Grundlage f\u00fcr den gesamten Workflow \u2013 vom Import \u00fcber die Bearbeitung bis hin zum Export. Mehrere Bilder gleichzeitig bearbeiten, die \u00c4nderungen synchronisieren oder in verschiedenen Ausgabeformaten speichern geht intuitiv und schnell.<\/p>\n<h3 data-start=\"4495\" data-end=\"4507\">\ud83d\udccc Fazit<\/h3>\n<p data-start=\"4509\" data-end=\"4869\"><strong data-start=\"4509\" data-end=\"4527\">Lightroom 2021<\/strong> bleibt eine starke, zuverl\u00e4ssige L\u00f6sung f\u00fcr Fotografen, die Wert auf <strong data-start=\"4597\" data-end=\"4668\">umfangreiche Bearbeitungs-Tools und eine sinnvolle Fotoorganisation<\/strong> legen. Die Kombination aus RAW-Unterst\u00fctzung, flexiblen Werkzeugeinstellungen und stabilem Workflow macht es zu einer sinnvollen Wahl f\u00fcr anspruchsvolle Nutzer.<\/p>","protected":false},"excerpt":{"rendered":"<p>\ud83d\udcf8 Fotoverwaltung und -bearbeitung<br data-start=\"4956\" data-end=\"4959\" \/>\ud83d\udda5\ufe0f RAW-Unterst\u00fctzung unter Windows<br data-start=\"4994\" data-end=\"4997\" \/>\ud83c\udfa8 Erweiterte Farb- und Tonanpassung<br data-start=\"5033\" data-end=\"5036\" \/>\ud83e\ude84 Kreative Werkzeuge und Effekte<br data-start=\"5069\" data-end=\"5072\" \/>\u26a1 Effizienter Workflow und Export<br data-start=\"5105\" data-end=\"5108\" \/>\ud83d\udcf7 F\u00fcr Hobby- und Profifotografen gleicherma\u00dfen<\/p>","protected":false},"featured_media":1247,"comment_status":"open","ping_status":"closed","template":"","meta":[],"product_brand":[],"product_cat":[34],"product_tag":[],"class_list":{"0":"post-1246","1":"product","2":"type-product","3":"status-publish","4":"has-post-thumbnail","6":"product_cat-graphical","8":"first","9":"instock","10":"shipping-taxable","11":"purchasable","12":"product-type-simple"},"_links":{"self":[{"href":"https:\/\/softsrl.de\/de\/wp-json\/wp\/v2\/product\/1246","targetHints":{"allow":["GET"]}}],"collection":[{"href":"https:\/\/softsrl.de\/de\/wp-json\/wp\/v2\/product"}],"about":[{"href":"https:\/\/softsrl.de\/de\/wp-json\/wp\/v2\/types\/product"}],"replies":[{"embeddable":true,"href":"https:\/\/softsrl.de\/de\/wp-json\/wp\/v2\/comments?post=1246"}],"wp:featuredmedia":[{"embeddable":true,"href":"https:\/\/softsrl.de\/de\/wp-json\/wp\/v2\/media\/1247"}],"wp:attachment":[{"href":"https:\/\/softsrl.de\/de\/wp-json\/wp\/v2\/media?parent=1246"}],"wp:term":[{"taxonomy":"product_brand","embeddable":true,"href":"https:\/\/softsrl.de\/de\/wp-json\/wp\/v2\/product_brand?post=1246"},{"taxonomy":"product_cat","embeddable":true,"href":"https:\/\/softsrl.de\/de\/wp-json\/wp\/v2\/product_cat?post=1246"},{"taxonomy":"product_tag","embeddable":true,"href":"https:\/\/softsrl.de\/de\/wp-json\/wp\/v2\/product_tag?post=1246"}],"curies":[{"name":"wp","href":"https:\/\/api.w.org\/{rel}","templated":true}]}}