{"id":1244,"date":"2026-02-07T08:47:30","date_gmt":"2026-02-07T08:47:30","guid":{"rendered":"https:\/\/softsrl.de\/?post_type=product&#038;p=1244"},"modified":"2026-02-07T08:47:30","modified_gmt":"2026-02-07T08:47:30","slug":"lightroom-2025-i-windows-i","status":"publish","type":"product","link":"https:\/\/softsrl.de\/de\/produkt\/lightroom-2025-i-windows-i\/","title":{"rendered":"Lightroom 2025 I Windows I"},"content":{"rendered":"<p data-start=\"66\" data-end=\"426\"><strong data-start=\"66\" data-end=\"84\">Lightroom 2025<\/strong> ist die neueste Version der professionellen Fotoverwaltungs- und Bildbearbeitungssoftware von <span class=\"hover:entity-accent entity-underline inline cursor-pointer align-baseline\"><span class=\"whitespace-normal\">Adobe<\/span><\/span> f\u00fcr <strong data-start=\"221\" data-end=\"232\">Windows<\/strong>. Sie richtet sich an ambitionierte Hobbyfotografen, Content-Creator, professionelle Fotografen und alle, die ihre Bilder effizient und kreativ bearbeiten, organisieren und pr\u00e4sentieren m\u00f6chten.<\/p>\n<p data-start=\"428\" data-end=\"695\">Lightroom 2025 arbeitet <strong data-start=\"452\" data-end=\"472\">nicht-destruktiv<\/strong>, was bedeutet, dass alle Bearbeitungen separat gespeichert werden und deine Originalfotos immer unver\u00e4ndert bleiben. So kannst du beliebig viele kreative Varianten ausprobieren, ohne jemals die Ausgangsbilder zu verlieren.<\/p>\n<hr data-start=\"697\" data-end=\"700\" \/>\n<h3 data-start=\"702\" data-end=\"761\">\ud83d\udcf8 <strong data-start=\"709\" data-end=\"761\">Leistungsstarke Fotoverwaltung und -organisation<\/strong><\/h3>\n<p data-start=\"763\" data-end=\"837\">Mit Lightroom 2025 kannst du deine gesamte Fotosammlung zentral verwalten:<\/p>\n<p data-start=\"839\" data-end=\"1108\">\u2714\ufe0f Importiere Bilder direkt von Kamera, Smartphone oder Speicherkarte<br data-start=\"908\" data-end=\"911\" \/>\u2714\ufe0f Organisiere Fotos mit <strong data-start=\"936\" data-end=\"983\">Stichw\u00f6rtern, Bewertungen, Farben und Alben<\/strong><br data-start=\"983\" data-end=\"986\" \/>\u2714\ufe0f Durchsuche und filtere deine Sammlung blitzschnell<br data-start=\"1039\" data-end=\"1042\" \/>\u2714\ufe0f Unterst\u00fctzt gro\u00dfe RAW-Bibliotheken f\u00fcr professionelle Workflows<\/p>\n<p data-start=\"1110\" data-end=\"1252\">Die \u00fcbersichtliche Bibliothek macht es leicht, Tausende von Bildern strukturiert zu verwalten und schnell auf das gew\u00fcnschte Foto zuzugreifen.<\/p>\n<hr data-start=\"1254\" data-end=\"1257\" \/>\n<h3 data-start=\"1259\" data-end=\"1326\">\ud83c\udfa8 <strong data-start=\"1266\" data-end=\"1326\">Fortschrittliche Bildbearbeitung f\u00fcr perfekte Ergebnisse<\/strong><\/h3>\n<p data-start=\"1328\" data-end=\"1419\">Lightroom 2025 bietet umfangreiche Werkzeuge zur Bearbeitung und Optimierung deiner Bilder:<\/p>\n<p data-start=\"1421\" data-end=\"1702\">\u2714\ufe0f Anpassung von <strong data-start=\"1438\" data-end=\"1505\">Belichtung, Kontrast, Wei\u00dfabgleich, Farbe, Klarheit und Sch\u00e4rfe<\/strong><br data-start=\"1505\" data-end=\"1508\" \/>\u2714\ufe0f Intuitive Farb- und Tonwertsteuerung f\u00fcr pr\u00e4zise Ergebnisse<br data-start=\"1570\" data-end=\"1573\" \/>\u2714\ufe0f <strong data-start=\"1576\" data-end=\"1603\">Smart Presets und Looks<\/strong> f\u00fcr konsistente Bearbeitungen<br data-start=\"1633\" data-end=\"1636\" \/>\u2714\ufe0f Verbesserte Luminanz- und Schatten-Regler f\u00fcr dynamische Bilder<\/p>\n<p data-start=\"1704\" data-end=\"1877\">Dar\u00fcber hinaus unterst\u00fctzt Lightroom 2025 eine Vielzahl von Dateiformaten inklusive der meisten RAW-Formate, sodass du das Maximum aus deinen Kameradaten herausholen kannst.<\/p>\n<hr data-start=\"1879\" data-end=\"1882\" \/>\n<h3 data-start=\"1884\" data-end=\"1938\">\ud83e\udd16 <strong data-start=\"1891\" data-end=\"1938\">KI-gest\u00fctzte Tools f\u00fcr schnellere Workflows<\/strong><\/h3>\n<p data-start=\"1940\" data-end=\"2074\">Lightroom 2025 beinhaltet modernste KI-Funktionen, die das Bearbeiten und Ausw\u00e4hlen deiner besten Fotos erleichtern und beschleunigen:<\/p>\n<p data-start=\"2076\" data-end=\"2413\">\ud83c\udf1f <strong data-start=\"2079\" data-end=\"2103\">AI-Select &amp; Culling:<\/strong> KI-gest\u00fctzte Vorauswahl der besten Aufnahmen aus Serienbildern<br data-start=\"2166\" data-end=\"2169\" \/>\ud83e\ude84 <strong data-start=\"2172\" data-end=\"2216\">Automatische Objekt- und Staubentfernung<\/strong> mit einem Klick<br data-start=\"2232\" data-end=\"2235\" \/>\ud83c\udfaf <strong data-start=\"2238\" data-end=\"2271\">KI-unterst\u00fctzte Farbkorrektur<\/strong> f\u00fcr nat\u00fcrliche Hautt\u00f6ne und lebendige Landschaften<br data-start=\"2322\" data-end=\"2325\" \/>\ud83d\ude80 <strong data-start=\"2328\" data-end=\"2382\">Automatische Vorschl\u00e4ge &amp; intelligente Korrekturen<\/strong> f\u00fcr einen schnelleren Workflow<\/p>\n<p data-start=\"2415\" data-end=\"2523\">Diese AI-Funktionen machen besonders bei gro\u00dfen Fotoprojekten den Unterschied und sparen dir wertvolle Zeit.<\/p>\n<hr data-start=\"2525\" data-end=\"2528\" \/>\n<h3 data-start=\"2530\" data-end=\"2571\">\ud83d\udda5\ufe0f <strong data-start=\"2538\" data-end=\"2571\">Workflow, Vorschau und Export<\/strong><\/h3>\n<p data-start=\"2573\" data-end=\"2673\">Die Anwendung bietet leistungsstarke Funktionen f\u00fcr die Vorschau, Gruppenbearbeitung und den Export:<\/p>\n<p data-start=\"2675\" data-end=\"2888\">\u2714\ufe0f Schnelle Vorschau-Rendering<br data-start=\"2705\" data-end=\"2708\" \/>\u2714\ufe0f Stapelverarbeitung mehrerer Bilder gleichzeitig<br data-start=\"2758\" data-end=\"2761\" \/>\u2714\ufe0f Intuitive Export-Optionen f\u00fcr Social Media, Druck oder Web-Galerien<br data-start=\"2831\" data-end=\"2834\" \/>\u2714\ufe0f Anpassbare Ausgabe-Qualit\u00e4t und Metadaten-Steuerung<\/p>\n<p data-start=\"2890\" data-end=\"3050\">Die nicht-destruktive Bearbeitungsweise erm\u00f6glicht es dir, jederzeit zu einer fr\u00fcheren Version zur\u00fcckzukehren oder mehrere Varianten eines Fotos zu vergleichen.<\/p>\n<hr data-start=\"3052\" data-end=\"3055\" \/>\n<h3 data-start=\"3057\" data-end=\"3096\">\ud83d\udccc <strong data-start=\"3064\" data-end=\"3096\">Fazit: Warum Lightroom 2025?<\/strong><\/h3>\n<p data-start=\"3098\" data-end=\"3394\">Lightroom 2025 ist ideal f\u00fcr alle, die ihre Fotos professionell verwalten, bearbeiten und pr\u00e4sentieren m\u00f6chten. Die Kombination aus intuitiver Benutzeroberfl\u00e4che, starken Bearbeitungstools und intelligenten KI-Funktionen macht es zu einem unverzichtbaren Werkzeug f\u00fcr jede moderne Fotobibliothek.<\/p>","protected":false},"excerpt":{"rendered":"<p>\ud83d\udcf8 Leistungsstarke Fotoverwaltung<br data-start=\"3484\" data-end=\"3487\" \/>\ud83c\udfa8 Umfangreiche Bildbearbeitung<br data-start=\"3518\" data-end=\"3521\" \/>\ud83e\udde0 KI-gest\u00fctzte Tools f\u00fcr schnelleres Arbeiten<br data-start=\"3567\" data-end=\"3570\" \/>\ud83d\udcc2 Organisation gro\u00dfer Sammlungen leicht gemacht<br data-start=\"3618\" data-end=\"3621\" \/>\ud83d\udda5\ufe0f Optimiert f\u00fcr Windows<br data-start=\"3646\" data-end=\"3649\" \/>\u26a1 Schnelle Vorschau &amp; Export<\/p>","protected":false},"featured_media":1245,"comment_status":"open","ping_status":"closed","template":"","meta":[],"product_brand":[],"product_cat":[34],"product_tag":[],"class_list":{"0":"post-1244","1":"product","2":"type-product","3":"status-publish","4":"has-post-thumbnail","6":"product_cat-graphical","8":"first","9":"instock","10":"virtual","11":"purchasable","12":"product-type-simple"},"_links":{"self":[{"href":"https:\/\/softsrl.de\/de\/wp-json\/wp\/v2\/product\/1244","targetHints":{"allow":["GET"]}}],"collection":[{"href":"https:\/\/softsrl.de\/de\/wp-json\/wp\/v2\/product"}],"about":[{"href":"https:\/\/softsrl.de\/de\/wp-json\/wp\/v2\/types\/product"}],"replies":[{"embeddable":true,"href":"https:\/\/softsrl.de\/de\/wp-json\/wp\/v2\/comments?post=1244"}],"wp:featuredmedia":[{"embeddable":true,"href":"https:\/\/softsrl.de\/de\/wp-json\/wp\/v2\/media\/1245"}],"wp:attachment":[{"href":"https:\/\/softsrl.de\/de\/wp-json\/wp\/v2\/media?parent=1244"}],"wp:term":[{"taxonomy":"product_brand","embeddable":true,"href":"https:\/\/softsrl.de\/de\/wp-json\/wp\/v2\/product_brand?post=1244"},{"taxonomy":"product_cat","embeddable":true,"href":"https:\/\/softsrl.de\/de\/wp-json\/wp\/v2\/product_cat?post=1244"},{"taxonomy":"product_tag","embeddable":true,"href":"https:\/\/softsrl.de\/de\/wp-json\/wp\/v2\/product_tag?post=1244"}],"curies":[{"name":"wp","href":"https:\/\/api.w.org\/{rel}","templated":true}]}}