{"id":1242,"date":"2026-02-07T08:42:45","date_gmt":"2026-02-07T08:42:45","guid":{"rendered":"https:\/\/softsrl.de\/?post_type=product&#038;p=1242"},"modified":"2026-02-28T13:47:29","modified_gmt":"2026-02-28T13:47:29","slug":"lightroom-2026-i-windows-i","status":"publish","type":"product","link":"https:\/\/softsrl.de\/de\/produkt\/lightroom-2026-i-windows-i\/","title":{"rendered":"Lightroom 2026 I Windows I"},"content":{"rendered":"<p data-start=\"66\" data-end=\"571\"><strong data-start=\"66\" data-end=\"84\">Lightroom 2026<\/strong> ist die neueste Version der professionellen Fotoverwaltungs- und Bildbearbeitungssoftware von <span class=\"hover:entity-accent entity-underline inline cursor-pointer align-baseline\"><span class=\"whitespace-normal\">Adobe<\/span><\/span> f\u00fcr <strong data-start=\"221\" data-end=\"232\">Windows<\/strong>, entwickelt f\u00fcr Fotografen, Content-Creator und ambitionierte Hobbyanwender. Die Software arbeitet <strong data-start=\"332\" data-end=\"352\">nicht-destruktiv<\/strong>, das hei\u00dft: Originalbilder bleiben unver\u00e4ndert, w\u00e4hrend alle Bearbeitungen separat gespeichert werden. So kannst du jederzeit zum urspr\u00fcnglichen Zustand zur\u00fcckkehren oder verschiedene Bearbeitungsvarianten vergleichen.<\/p>\n<h3 data-start=\"573\" data-end=\"623\">\ud83d\udcf8 Umfassende Bildbearbeitung und Organisation<\/h3>\n<p data-start=\"625\" data-end=\"1006\">Mit Lightroom 2026 lassen sich Fotos <strong data-start=\"662\" data-end=\"719\">importieren, organisieren, bearbeiten und exportieren<\/strong> \u2013 alles in einer einzigen, \u00fcbersichtlichen Anwendung. Bilder k\u00f6nnen direkt von Kamera oder Speicherkarte importiert, mit <strong data-start=\"841\" data-end=\"881\">Stichw\u00f6rtern, Bewertungen und Farben<\/strong> versehen und in Alben oder Sammlungen strukturiert werden. Das erleichtert die Verwaltung auch gro\u00dfer Bildarchive erheblich.<\/p>\n<p data-start=\"1008\" data-end=\"1357\">Die Bearbeitungswerkzeuge sind leistungsstark und dennoch intuitiv: Anpassungen von <strong data-start=\"1092\" data-end=\"1160\">Belichtung, Kontrast, Wei\u00dfabgleich, Farben, Klarheit und Sch\u00e4rfe<\/strong> erfolgen \u00fcber pr\u00e4zise Regler. Zudem erm\u00f6glichen <strong data-start=\"1209\" data-end=\"1239\">Presets (Voreinstellungen)<\/strong> einen schnellen, konsistenten Look \u00fcber ganze Fotoserien hinweg \u2013 ideal f\u00fcr Serien, Social Media oder Kundenprojekte.<\/p>\n<h3 data-start=\"1359\" data-end=\"1416\">\ud83e\udde0 KI-gest\u00fctzte Funktionen und intelligente Werkzeuge<\/h3>\n<p data-start=\"1418\" data-end=\"1534\">Lightroom 2026 bringt zahlreiche <strong data-start=\"1451\" data-end=\"1481\">KI-basierte Verbesserungen<\/strong>, die den Workflow beschleunigen und pr\u00e4ziser machen:<\/p>\n<ul data-start=\"1536\" data-end=\"1909\">\n<li data-start=\"1536\" data-end=\"1668\">\n<p data-start=\"1538\" data-end=\"1668\"><strong data-start=\"1538\" data-end=\"1586\">Intelligente Fotoauswahl (Assisted Culling):<\/strong> KI hilft dabei, die besten Aufnahmen aus gro\u00dfen Bildmengen schneller zu finden.<\/p>\n<\/li>\n<li data-start=\"1669\" data-end=\"1778\">\n<p data-start=\"1671\" data-end=\"1778\"><strong data-start=\"1671\" data-end=\"1716\">Automatische Staub- und Objektentfernung:<\/strong> St\u00f6rende Elemente lassen sich mit wenigen Klicks entfernen.<\/p>\n<\/li>\n<li data-start=\"1779\" data-end=\"1909\">\n<p data-start=\"1781\" data-end=\"1909\"><strong data-start=\"1781\" data-end=\"1810\">Erweiterte Farbsteuerung:<\/strong> Feinabstimmung einzelner Farbbereiche f\u00fcr nat\u00fcrliche Hautt\u00f6ne, Landschaften oder kreative Looks.<\/p>\n<\/li>\n<\/ul>\n<p data-start=\"1911\" data-end=\"2056\">Zus\u00e4tzlich bietet die Version verbesserte <strong data-start=\"1953\" data-end=\"1973\">RAW-Verarbeitung<\/strong>, schnellere Vorschauen und optimierte Wiederherstellung von Lichtern und Schatten.<\/p>\n<h3 data-start=\"2058\" data-end=\"2103\">\ud83c\udf9e\ufe0f Effizienter Workflow und Flexibilit\u00e4t<\/h3>\n<p data-start=\"2105\" data-end=\"2411\">Dank der nicht-destruktiven Arbeitsweise bleibt der gesamte Bearbeitungsprozess flexibel. \u00c4nderungen k\u00f6nnen jederzeit angepasst oder zur\u00fcckgenommen werden. Lightroom 2026 unterst\u00fctzt einen fl\u00fcssigen Workflow vom Import bis zum Export und eignet sich sowohl f\u00fcr Einzelbilder als auch f\u00fcr gro\u00dfe Fotoprojekte.<\/p>\n<h3 data-start=\"2413\" data-end=\"2425\">\ud83d\udccc Fazit<\/h3>\n<p data-start=\"2427\" data-end=\"2769\">Lightroom 2026 ist die ideale L\u00f6sung f\u00fcr alle, die ihre Fotos unter Windows <strong data-start=\"2503\" data-end=\"2560\">professionell bearbeiten, organisieren und optimieren<\/strong> m\u00f6chten. Die Kombination aus leistungsstarken Bearbeitungswerkzeugen, intelligenter KI-Unterst\u00fctzung und \u00fcbersichtlicher Verwaltung macht die Software zu einem unverzichtbaren Werkzeug f\u00fcr moderne Fotografie.<\/p>","protected":false},"excerpt":{"rendered":"<p>\ud83d\udcf8 Professionelle Fotoverwaltung und Bildbearbeitung<br data-start=\"2874\" data-end=\"2877\" \/>\ud83d\udda5\ufe0f Optimiert f\u00fcr Windows<br data-start=\"2902\" data-end=\"2905\" \/>\ud83e\udde0 KI-gest\u00fctzte Tools f\u00fcr schnellere Ergebnisse<br data-start=\"2952\" data-end=\"2955\" \/>\ud83c\udfa8 Nicht-destruktive Bearbeitung<br data-start=\"2987\" data-end=\"2990\" \/>\ud83d\udcc2 Einfache Organisation gro\u00dfer Bildsammlungen<br data-start=\"3036\" data-end=\"3039\" \/>\u26a1 Schnelle RAW-Verarbeitung und fl\u00fcssiger Workflow<\/p>","protected":false},"featured_media":1243,"comment_status":"open","ping_status":"closed","template":"","meta":[],"product_brand":[],"product_cat":[34],"product_tag":[],"class_list":{"0":"post-1242","1":"product","2":"type-product","3":"status-publish","4":"has-post-thumbnail","6":"product_cat-graphical","8":"first","9":"instock","10":"sale","11":"virtual","12":"purchasable","13":"product-type-simple"},"_links":{"self":[{"href":"https:\/\/softsrl.de\/de\/wp-json\/wp\/v2\/product\/1242","targetHints":{"allow":["GET"]}}],"collection":[{"href":"https:\/\/softsrl.de\/de\/wp-json\/wp\/v2\/product"}],"about":[{"href":"https:\/\/softsrl.de\/de\/wp-json\/wp\/v2\/types\/product"}],"replies":[{"embeddable":true,"href":"https:\/\/softsrl.de\/de\/wp-json\/wp\/v2\/comments?post=1242"}],"wp:featuredmedia":[{"embeddable":true,"href":"https:\/\/softsrl.de\/de\/wp-json\/wp\/v2\/media\/1243"}],"wp:attachment":[{"href":"https:\/\/softsrl.de\/de\/wp-json\/wp\/v2\/media?parent=1242"}],"wp:term":[{"taxonomy":"product_brand","embeddable":true,"href":"https:\/\/softsrl.de\/de\/wp-json\/wp\/v2\/product_brand?post=1242"},{"taxonomy":"product_cat","embeddable":true,"href":"https:\/\/softsrl.de\/de\/wp-json\/wp\/v2\/product_cat?post=1242"},{"taxonomy":"product_tag","embeddable":true,"href":"https:\/\/softsrl.de\/de\/wp-json\/wp\/v2\/product_tag?post=1242"}],"curies":[{"name":"wp","href":"https:\/\/api.w.org\/{rel}","templated":true}]}}