{"id":1184,"date":"2026-02-07T07:22:36","date_gmt":"2026-02-07T07:22:36","guid":{"rendered":"https:\/\/softsrl.de\/?post_type=product&#038;p=1184"},"modified":"2026-02-07T07:23:04","modified_gmt":"2026-02-07T07:23:04","slug":"windows-11-home","status":"publish","type":"product","link":"https:\/\/softsrl.de\/de\/produkt\/windows-11-home\/","title":{"rendered":"Windows 11 Home"},"content":{"rendered":"<p data-start=\"49\" data-end=\"448\"><strong data-start=\"49\" data-end=\"68\">Windows 11 Home<\/strong> ist das neueste, moderne Betriebssystem von <span class=\"hover:entity-accent entity-underline inline cursor-pointer align-baseline\"><span class=\"whitespace-normal\">Microsoft<\/span><\/span>, das speziell f\u00fcr den privaten Gebrauch, Lernen und den t\u00e4glichen Einsatz entwickelt wurde. Mit seinem klaren Design, der hohen Leistung und den verbesserten Sicherheitsfunktionen bietet es eine stabile und benutzerfreundliche Umgebung \u2013 sowohl f\u00fcr Einsteiger als auch f\u00fcr fortgeschrittene Nutzer.<\/p>\n<p data-start=\"450\" data-end=\"863\">Das neue, zentrierte Startmen\u00fc und die Taskleiste erm\u00f6glichen einen schnelleren Zugriff auf wichtige Anwendungen und Dateien, w\u00e4hrend die \u00fcberarbeitete Benutzeroberfl\u00e4che ein \u00fcbersichtlicheres und moderneres Nutzungserlebnis bietet. Abgerundete Fenster, dezente Animationen und ein einheitliches Icon-Design sorgen nicht nur f\u00fcr eine ansprechende Optik, sondern auch f\u00fcr ein angenehmes Arbeiten \u00fcber l\u00e4ngere Zeit.<\/p>\n<p data-start=\"865\" data-end=\"1197\">Windows 11 Home legt gro\u00dfen Wert auf Leistung und Effizienz. Das System startet schneller, verwaltet die Ressourcen optimiert und l\u00e4uft fl\u00fcssig sowohl auf \u00e4lterer als auch auf neuer Hardware. Die verbesserten Multitasking-Funktionen, wie zum Beispiel Snap Layouts, helfen dabei, mehrere Anwendungen gleichzeitig produktiv zu nutzen.<\/p>\n<p data-start=\"1199\" data-end=\"1630\">Auch im Bereich Sicherheit bietet Windows 11 Home deutliche Verbesserungen: integrierter Virenschutz, regelm\u00e4\u00dfige Sicherheitsupdates und moderne, hardwarebasierte Schutzmechanismen sorgen f\u00fcr den zuverl\u00e4ssigen Schutz pers\u00f6nlicher Daten. Dar\u00fcber hinaus ist Windows 11 Home mit den g\u00e4ngigsten Programmen, Spielen und Peripherieger\u00e4ten kompatibel und eignet sich somit ideal f\u00fcr B\u00fcroarbeit, Lernen, Unterhaltung und kreative Aufgaben.<\/p>","protected":false},"excerpt":{"rendered":"<p>\ud83d\udda5\ufe0f Modernes, \u00fcbersichtliches Benutzerdesign<br data-start=\"1719\" data-end=\"1722\" \/>\u26a1 Schneller Systemstart und stabile Leistung<br data-start=\"1766\" data-end=\"1769\" \/>\ud83e\udde9 Effizientes Multitasking und Fensterverwaltung<br data-start=\"1818\" data-end=\"1821\" \/>\ud83d\udd10 Integrierte Sicherheitsfunktionen<br data-start=\"1857\" data-end=\"1860\" \/>\ud83c\udfae Geeignet f\u00fcr Arbeit, Lernen und Unterhaltung<br data-start=\"1907\" data-end=\"1910\" \/>\ud83c\udfe0 Ideal f\u00fcr den privaten Einsatz<\/p>","protected":false},"featured_media":1185,"comment_status":"open","ping_status":"closed","template":"","meta":[],"product_brand":[],"product_cat":[15],"product_tag":[],"class_list":{"0":"post-1184","1":"product","2":"type-product","3":"status-publish","4":"has-post-thumbnail","6":"product_cat-operating-systems","8":"first","9":"instock","10":"virtual","11":"purchasable","12":"product-type-simple"},"_links":{"self":[{"href":"https:\/\/softsrl.de\/de\/wp-json\/wp\/v2\/product\/1184","targetHints":{"allow":["GET"]}}],"collection":[{"href":"https:\/\/softsrl.de\/de\/wp-json\/wp\/v2\/product"}],"about":[{"href":"https:\/\/softsrl.de\/de\/wp-json\/wp\/v2\/types\/product"}],"replies":[{"embeddable":true,"href":"https:\/\/softsrl.de\/de\/wp-json\/wp\/v2\/comments?post=1184"}],"wp:featuredmedia":[{"embeddable":true,"href":"https:\/\/softsrl.de\/de\/wp-json\/wp\/v2\/media\/1185"}],"wp:attachment":[{"href":"https:\/\/softsrl.de\/de\/wp-json\/wp\/v2\/media?parent=1184"}],"wp:term":[{"taxonomy":"product_brand","embeddable":true,"href":"https:\/\/softsrl.de\/de\/wp-json\/wp\/v2\/product_brand?post=1184"},{"taxonomy":"product_cat","embeddable":true,"href":"https:\/\/softsrl.de\/de\/wp-json\/wp\/v2\/product_cat?post=1184"},{"taxonomy":"product_tag","embeddable":true,"href":"https:\/\/softsrl.de\/de\/wp-json\/wp\/v2\/product_tag?post=1184"}],"curies":[{"name":"wp","href":"https:\/\/api.w.org\/{rel}","templated":true}]}}