{"id":991,"date":"2025-10-20T23:33:20","date_gmt":"2025-10-20T23:33:20","guid":{"rendered":"https:\/\/softsrl.de\/?page_id=991"},"modified":"2026-02-07T07:51:14","modified_gmt":"2026-02-07T07:51:14","slug":"installation-guides","status":"publish","type":"page","link":"https:\/\/softsrl.de\/de\/installation-guides\/","title":{"rendered":"Installationsanleitungen"},"content":{"rendered":"\t\t<div data-elementor-type=\"wp-page\" data-elementor-id=\"991\" class=\"elementor elementor-991\">\n\t\t\t\t<div class=\"elementor-element elementor-element-d4e7b36 e-flex e-con-boxed e-con e-parent\" data-id=\"d4e7b36\" data-element_type=\"container\" data-e-type=\"container\">\n\t\t\t\t\t<div class=\"e-con-inner\">\n\t\t\t\t<div class=\"elementor-element elementor-element-0473c20 elementor-widget elementor-widget-text-editor\" data-id=\"0473c20\" data-element_type=\"widget\" data-e-type=\"widget\" data-widget_type=\"text-editor.default\">\n\t\t\t\t\t\t\t\t\t<div class=\"flex h-svh w-screen flex-col\"><div class=\"relative z-0 flex min-h-0 w-full flex-1\"><div class=\"relative flex min-h-0 w-full flex-1\"><div class=\"@container\/main relative flex min-w-0 flex-1 flex-col -translate-y-[calc(env(safe-area-inset-bottom,0px)\/2)] pt-[calc(env(safe-area-inset-bottom,0px)\/2)]\"><div class=\"@w-sm\/main:[scrollbar-gutter:stable_both-edges] touch:[scrollbar-width:none] relative flex min-h-0 min-w-0 flex-1 flex-col [scrollbar-gutter:stable] not-print:overflow-x-clip not-print:overflow-y-auto scroll-pt-(--header-height) [--sticky-padding-top:var(--header-height)] has-data-[fixed-header=less-than-xl]:@w-xl\/main:scroll-pt-0 has-data-[fixed-header=less-than-xl]:@w-xl\/main:[--sticky-padding-top:0px] has-data-[fixed-header=less-than-xxl]:@w-2xl\/main:scroll-pt-0 has-data-[fixed-header=less-than-xxl]:@w-2xl\/main:[--sticky-padding-top:0px]\" data-scroll-root=\"\"><p>\u00a0<\/p><div id=\"thread\" class=\"group\/thread flex flex-col min-h-full\"><div class=\"composer-parent flex flex-1 flex-col focus-visible:outline-0\" role=\"presentation\"><div class=\"relative basis-auto flex-col -mb-(--composer-overlap-px) [--composer-overlap-px:28px] grow flex\"><div class=\"flex flex-col text-sm pb-25\"><article class=\"text-token-text-primary w-full focus:outline-none [--shadow-height:45px] has-data-writing-block:pointer-events-none has-data-writing-block:-mt-(--shadow-height) has-data-writing-block:pt-(--shadow-height) [&amp;:has([data-writing-block])&gt;*]:pointer-events-auto scroll-mt-[calc(var(--header-height)+min(200px,max(70px,20svh)))]\" dir=\"auto\" tabindex=\"-1\" data-turn-id=\"request-WEB:1bb18cee-0b3f-4f9e-a60d-b441629d4a3e-1\" data-testid=\"conversation-turn-4\" data-scroll-anchor=\"true\" data-turn=\"assistant\"><div class=\"text-base my-auto mx-auto pb-10 [--thread-content-margin:--spacing(4)] @w-sm\/main:[--thread-content-margin:--spacing(6)] @w-lg\/main:[--thread-content-margin:--spacing(16)] px-(--thread-content-margin)\"><div class=\"[--thread-content-max-width:40rem] @w-lg\/main:[--thread-content-max-width:48rem] mx-auto max-w-(--thread-content-max-width) flex-1 group\/turn-messages focus-visible:outline-hidden relative flex w-full min-w-0 flex-col agent-turn\" tabindex=\"-1\"><div class=\"flex max-w-full flex-col grow\"><div class=\"min-h-8 text-message relative flex w-full flex-col items-end gap-2 text-start break-words whitespace-normal [.text-message+&amp;]:mt-1\" dir=\"auto\" data-message-author-role=\"assistant\" data-message-id=\"4561254c-faba-4967-bcd3-ad7e24a20c65\" data-message-model-slug=\"gpt-5-2\"><div class=\"flex w-full flex-col gap-1 empty:hidden first:pt-[1px]\"><div class=\"markdown prose dark:prose-invert w-full wrap-break-word dark markdown-new-styling\"><p data-start=\"0\" data-end=\"52\">\ud83d\udda5\ufe0f <strong data-start=\"4\" data-end=\"52\">Windows 10 \/ 11 Pro \u2013 Installationsanleitung<\/strong><\/p><p data-start=\"54\" data-end=\"310\">\u00dcberpr\u00fcfen Sie Ihren E-Mail-Posteingang sowie den Spam-Ordner.<br data-start=\"116\" data-end=\"119\" \/>Sie erhalten von uns Ihren Lizenzschl\u00fcssel und einen Download-Link. Bitte verwenden Sie <strong data-start=\"207\" data-end=\"259\">ausschlie\u00dflich den von uns bereitgestellten Link<\/strong>, um eine sichere und gepr\u00fcfte Version zu erhalten.<\/p><ol data-start=\"312\" data-end=\"623\"><li data-start=\"312\" data-end=\"391\"><p data-start=\"315\" data-end=\"391\">Laden Sie die Windows-ISO-Datei \u00fcber den von uns gesendeten Link herunter.<\/p><\/li><li data-start=\"392\" data-end=\"440\"><p data-start=\"395\" data-end=\"440\">Speichern Sie die Datei auf Ihrem Computer.<\/p><\/li><li data-start=\"441\" data-end=\"513\"><p data-start=\"444\" data-end=\"513\">W\u00e4hlen Sie <strong data-start=\"455\" data-end=\"479\">\u201eJetzt installieren\u201c<\/strong> und folgen Sie den Anweisungen.<\/p><\/li><li data-start=\"514\" data-end=\"623\"><p data-start=\"517\" data-end=\"623\">Wenn Sie nach einem Produktschl\u00fcssel gefragt werden, geben Sie den von uns gesendeten Lizenzschl\u00fcssel ein.<\/p><\/li><\/ol><p data-start=\"625\" data-end=\"648\"><strong data-start=\"625\" data-end=\"648\">Windows aktivieren:<\/strong><\/p><ul data-start=\"649\" data-end=\"807\"><li data-start=\"649\" data-end=\"707\"><p data-start=\"651\" data-end=\"707\">Gehen Sie zu <strong data-start=\"664\" data-end=\"704\">Einstellungen \u2192 System \u2192 Aktivierung<\/strong>.<\/p><\/li><li data-start=\"708\" data-end=\"807\"><p data-start=\"710\" data-end=\"807\">Geben Sie Ihren Produktschl\u00fcssel ein, falls dies w\u00e4hrend der Installation noch nicht erfolgt ist.<\/p><\/li><\/ul><p data-start=\"809\" data-end=\"879\">\u2705 <strong data-start=\"811\" data-end=\"822\">Fertig!<\/strong> Windows ist nun vollst\u00e4ndig aktiviert und einsatzbereit.<\/p><hr data-start=\"881\" data-end=\"884\" \/><p data-start=\"886\" data-end=\"954\">\ud83d\udcbc <strong data-start=\"889\" data-end=\"954\">Office 2021 \/ 2024 Professional Plus \u2013 Installationsanleitung<\/strong><\/p><p data-start=\"956\" data-end=\"1182\">\u00dcberpr\u00fcfen Sie Ihren Posteingang und den Spam-Ordner.<br data-start=\"1009\" data-end=\"1012\" \/>Sie erhalten einen Lizenzschl\u00fcssel sowie einen sicheren Download-Link. Verwenden Sie bitte immer unseren Link, um das korrekte <strong data-start=\"1139\" data-end=\"1169\">Offline-Installationspaket<\/strong> zu erhalten.<\/p><ol data-start=\"1184\" data-end=\"1532\"><li data-start=\"1184\" data-end=\"1252\"><p data-start=\"1187\" data-end=\"1252\">Laden Sie das Installationsprogramm \u00fcber unseren Link herunter.<\/p><\/li><li data-start=\"1253\" data-end=\"1368\"><p data-start=\"1256\" data-end=\"1368\">Speichern Sie die Datei auf Ihrem Computer und entpacken Sie sie, falls sie sich in einem ZIP-Archiv befindet.<\/p><\/li><li data-start=\"1369\" data-end=\"1443\"><p data-start=\"1372\" data-end=\"1443\">Starten Sie die Setup-Datei (<strong data-start=\"1401\" data-end=\"1414\">Setup.exe<\/strong> oder <strong data-start=\"1420\" data-end=\"1439\">OfficeSetup.exe<\/strong>).<\/p><\/li><li data-start=\"1444\" data-end=\"1532\"><p data-start=\"1447\" data-end=\"1532\">Warten Sie, bis die Installation abgeschlossen ist (dies kann einige Minuten dauern).<\/p><\/li><\/ol><p data-start=\"1534\" data-end=\"1556\"><strong data-start=\"1534\" data-end=\"1556\">Office aktivieren:<\/strong><\/p><ul data-start=\"1557\" data-end=\"1831\"><li data-start=\"1557\" data-end=\"1615\"><p data-start=\"1559\" data-end=\"1615\">\u00d6ffnen Sie eine Anwendung wie <strong data-start=\"1589\" data-end=\"1597\">Word<\/strong> oder <strong data-start=\"1603\" data-end=\"1612\">Excel<\/strong>.<\/p><\/li><li data-start=\"1616\" data-end=\"1691\"><p data-start=\"1618\" data-end=\"1691\">Geben Sie den Produktschl\u00fcssel ein, falls Sie dazu aufgefordert werden.<\/p><\/li><li data-start=\"1692\" data-end=\"1762\"><p data-start=\"1694\" data-end=\"1762\">Warten Sie einige Sekunden, bis die Aktivierung abgeschlossen ist.<\/p><\/li><li data-start=\"1763\" data-end=\"1831\"><p data-start=\"1765\" data-end=\"1831\">Starten Sie Ihren Computer neu, um die Installation abzuschlie\u00dfen.<\/p><\/li><\/ul><p data-start=\"1833\" data-end=\"1926\">\u2705 <strong data-start=\"1835\" data-end=\"1926\">Sie k\u00f6nnen jetzt Word, Excel, PowerPoint, Outlook, Access und weitere Programme nutzen!<\/strong><\/p><hr data-start=\"1928\" data-end=\"1931\" \/><p data-start=\"1933\" data-end=\"2028\">\ud83c\udfa8 <strong data-start=\"1936\" data-end=\"2028\">Grafiksoftware \u2013 Installationsanleitung (Photoshop, Illustrator, InDesign, Acrobat usw.)<\/strong><\/p><p data-start=\"2030\" data-end=\"2259\">\u00dcberpr\u00fcfen Sie Ihren Posteingang und den Spam-Ordner.<br data-start=\"2083\" data-end=\"2086\" \/>Sie erhalten Ihren Lizenzcode und einen Download-Link. Laden Sie die Software <strong data-start=\"2164\" data-end=\"2221\">ausschlie\u00dflich \u00fcber den von uns bereitgestellten Link<\/strong>, um die richtige Version zu erhalten.<\/p><ol data-start=\"2261\" data-end=\"2545\"><li data-start=\"2261\" data-end=\"2385\"><p data-start=\"2264\" data-end=\"2385\">Laden Sie die Installationsdatei herunter und entpacken Sie sie, falls sie sich in einem ZIP- oder RAR-Archiv befindet.<\/p><\/li><li data-start=\"2386\" data-end=\"2545\"><p data-start=\"2389\" data-end=\"2427\">Starten Sie das Installationsprogramm:<\/p><ul data-start=\"2431\" data-end=\"2545\"><li data-start=\"2431\" data-end=\"2473\"><p data-start=\"2433\" data-end=\"2473\">Doppelklicken Sie auf die Setup-Datei.<\/p><\/li><li data-start=\"2477\" data-end=\"2545\"><p data-start=\"2479\" data-end=\"2545\">Klicken Sie auf <strong data-start=\"2495\" data-end=\"2501\">Ja<\/strong>, falls eine Berechtigungsabfrage erscheint.<\/p><\/li><\/ul><\/li><\/ol><p data-start=\"2547\" data-end=\"2576\"><strong data-start=\"2547\" data-end=\"2576\">W\u00e4hrend der Installation:<\/strong><\/p><ul data-start=\"2577\" data-end=\"2699\"><li data-start=\"2577\" data-end=\"2645\"><p data-start=\"2579\" data-end=\"2645\">W\u00e4hlen Sie Ihre bevorzugte Sprache und den Installationsort aus.<\/p><\/li><li data-start=\"2646\" data-end=\"2699\"><p data-start=\"2648\" data-end=\"2699\">Warten Sie, bis die Installation abgeschlossen ist.<\/p><\/li><\/ul><p data-start=\"2701\" data-end=\"2717\"><strong data-start=\"2701\" data-end=\"2717\">Aktivierung:<\/strong><\/p><ul data-start=\"2718\" data-end=\"3020\"><li data-start=\"2718\" data-end=\"2746\"><p data-start=\"2720\" data-end=\"2746\">\u00d6ffnen Sie das Programm.<\/p><\/li><li data-start=\"2747\" data-end=\"2854\"><p data-start=\"2749\" data-end=\"2854\">Geben Sie den von uns gesendeten Lizenz- oder Seriennummerncode ein, wenn Sie dazu aufgefordert werden.<\/p><\/li><li data-start=\"2855\" data-end=\"2953\"><p data-start=\"2857\" data-end=\"2953\">Melden Sie sich <strong data-start=\"2873\" data-end=\"2882\">nicht<\/strong> bei Creative Cloud an, sofern dies nicht ausdr\u00fccklich angegeben ist.<\/p><\/li><li data-start=\"2954\" data-end=\"3020\"><p data-start=\"2956\" data-end=\"3020\">Nach der Aktivierung k\u00f6nnen Sie die Software <strong data-start=\"3001\" data-end=\"3012\">offline<\/strong> nutzen.<\/p><\/li><\/ul><p data-start=\"3022\" data-end=\"3066\">\u2705 <strong data-start=\"3024\" data-end=\"3066\">Ihre Software ist jetzt einsatzbereit!<\/strong><\/p><hr data-start=\"3068\" data-end=\"3071\" \/><p data-start=\"3073\" data-end=\"3115\">\u26a0\ufe0f <strong data-start=\"3076\" data-end=\"3115\">Wichtige Hinweise f\u00fcr alle Produkte<\/strong><\/p><ul data-start=\"3117\" data-end=\"3535\" data-is-last-node=\"\" data-is-only-node=\"\"><li data-start=\"3117\" data-end=\"3217\"><p data-start=\"3119\" data-end=\"3217\">Verwenden Sie immer die von uns bereitgestellten Download-Links \u2013 diese sind gepr\u00fcft und sicher.<\/p><\/li><li data-start=\"3218\" data-end=\"3340\"><p data-start=\"3220\" data-end=\"3340\">\u00dcberpr\u00fcfen Sie Ihren Spam-\/Junk-Ordner, wenn Sie die E-Mail nicht innerhalb weniger Tage nach der Bestellung erhalten.<\/p><\/li><li data-start=\"3341\" data-end=\"3432\"><p data-start=\"3343\" data-end=\"3432\">Bewahren Sie Ihren Lizenzschl\u00fcssel sicher auf, um ihn sp\u00e4ter wiederverwenden zu k\u00f6nnen.<\/p><\/li><li data-start=\"3433\" data-end=\"3535\" data-is-last-node=\"\"><p data-start=\"3435\" data-end=\"3535\" data-is-last-node=\"\">Bei Problemen kontaktieren Sie bitte unseren Support \u2013 wir helfen Ihnen schnell bei der Aktivierung.<\/p><\/li><\/ul><\/div><\/div><\/div><\/div><div class=\"z-0 flex min-h-[46px] justify-start\">\u00a0<\/div><div class=\"mt-3 w-full empty:hidden\"><div class=\"text-center\">\u00a0<\/div><\/div><\/div><\/div><\/article><\/div><\/div><div id=\"thread-bottom-container\" class=\"sticky bottom-0 group\/thread-bottom-container relative isolate z-10 w-full basis-auto has-data-has-thread-error:pt-2 has-data-has-thread-error:[box-shadow:var(--sharp-edge-bottom-shadow)] md:border-transparent md:pt-0 dark:border-white\/20 md:dark:border-transparent print:hidden content-fade single-line flex flex-col\"><div class=\"-mt-4 text-token-text-secondary relative w-full overflow-hidden text-center text-xs [view-transition-name:var(--vt-disclaimer)] md:px-[60px]\">\u00a0<\/div><\/div><\/div><\/div><p>\u00a0<\/p><\/div><\/div><\/div><\/div><div>\u00a0<\/div><\/div>\t\t\t\t\t\t\t\t<\/div>\n\t\t\t\t\t<\/div>\n\t\t\t\t<\/div>\n\t\t\t\t<\/div>\n\t\t","protected":false},"excerpt":{"rendered":"<p>\u00a0 \ud83d\udda5\ufe0f Windows 10 \/ 11 Pro \u2013 Installationsanleitung \u00dcberpr\u00fcfen Sie Ihren E-Mail-Posteingang sowie den Spam-Ordner.Sie erhalten von uns Ihren Lizenzschl\u00fcssel und einen Download-Link. Bitte verwenden Sie ausschlie\u00dflich den von uns bereitgestellten Link, um eine sichere und gepr\u00fcfte Version zu erhalten. Laden Sie die Windows-ISO-Datei \u00fcber den von uns gesendeten Link herunter. Speichern Sie die [&hellip;]<\/p>\n","protected":false},"author":1,"featured_media":0,"parent":0,"menu_order":0,"comment_status":"closed","ping_status":"closed","template":"","meta":{"footnotes":""},"class_list":["post-991","page","type-page","status-publish","hentry"],"blocksy_meta":[],"_links":{"self":[{"href":"https:\/\/softsrl.de\/de\/wp-json\/wp\/v2\/pages\/991","targetHints":{"allow":["GET"]}}],"collection":[{"href":"https:\/\/softsrl.de\/de\/wp-json\/wp\/v2\/pages"}],"about":[{"href":"https:\/\/softsrl.de\/de\/wp-json\/wp\/v2\/types\/page"}],"author":[{"embeddable":true,"href":"https:\/\/softsrl.de\/de\/wp-json\/wp\/v2\/users\/1"}],"replies":[{"embeddable":true,"href":"https:\/\/softsrl.de\/de\/wp-json\/wp\/v2\/comments?post=991"}],"version-history":[{"count":7,"href":"https:\/\/softsrl.de\/de\/wp-json\/wp\/v2\/pages\/991\/revisions"}],"predecessor-version":[{"id":1226,"href":"https:\/\/softsrl.de\/de\/wp-json\/wp\/v2\/pages\/991\/revisions\/1226"}],"wp:attachment":[{"href":"https:\/\/softsrl.de\/de\/wp-json\/wp\/v2\/media?parent=991"}],"curies":[{"name":"wp","href":"https:\/\/api.w.org\/{rel}","templated":true}]}}