{"id":980,"date":"2025-10-20T23:32:17","date_gmt":"2025-10-20T23:32:17","guid":{"rendered":"https:\/\/softsrl.de\/?page_id=980"},"modified":"2026-02-07T07:48:41","modified_gmt":"2026-02-07T07:48:41","slug":"privacy-policy","status":"publish","type":"page","link":"https:\/\/softsrl.de\/de\/privacy-policy\/","title":{"rendered":"Datenschutzerkl\u00e4rung"},"content":{"rendered":"\t\t<div data-elementor-type=\"wp-page\" data-elementor-id=\"980\" class=\"elementor elementor-980\">\n\t\t\t\t<div class=\"elementor-element elementor-element-475d088 e-flex e-con-boxed e-con e-parent\" data-id=\"475d088\" data-element_type=\"container\" data-e-type=\"container\">\n\t\t\t\t\t<div class=\"e-con-inner\">\n\t\t\t\t<div class=\"elementor-element elementor-element-30f332f elementor-widget elementor-widget-text-editor\" data-id=\"30f332f\" data-element_type=\"widget\" data-e-type=\"widget\" data-widget_type=\"text-editor.default\">\n\t\t\t\t\t\t\t\t\t<div class=\"flex flex-col text-sm pb-25\"><article class=\"text-token-text-primary w-full focus:outline-none [--shadow-height:45px] has-data-writing-block:pointer-events-none has-data-writing-block:-mt-(--shadow-height) has-data-writing-block:pt-(--shadow-height) [&amp;:has([data-writing-block])&gt;*]:pointer-events-auto scroll-mt-[calc(var(--header-height)+min(200px,max(70px,20svh)))]\" dir=\"auto\" tabindex=\"-1\" data-turn-id=\"request-WEB:1bb18cee-0b3f-4f9e-a60d-b441629d4a3e-3\" data-testid=\"conversation-turn-8\" data-scroll-anchor=\"true\" data-turn=\"assistant\"><div class=\"text-base my-auto mx-auto pb-10 [--thread-content-margin:--spacing(4)] @w-sm\/main:[--thread-content-margin:--spacing(6)] @w-lg\/main:[--thread-content-margin:--spacing(16)] px-(--thread-content-margin)\"><div class=\"[--thread-content-max-width:40rem] @w-lg\/main:[--thread-content-max-width:48rem] mx-auto max-w-(--thread-content-max-width) flex-1 group\/turn-messages focus-visible:outline-hidden relative flex w-full min-w-0 flex-col agent-turn\" tabindex=\"-1\"><div class=\"flex max-w-full flex-col grow\"><div class=\"min-h-8 text-message relative flex w-full flex-col items-end gap-2 text-start break-words whitespace-normal [.text-message+&amp;]:mt-1\" dir=\"auto\" data-message-author-role=\"assistant\" data-message-id=\"d7bea0d5-6d59-4601-ae70-a46bfb450f62\" data-message-model-slug=\"gpt-5-2\"><div class=\"flex w-full flex-col gap-1 empty:hidden first:pt-[1px]\"><div class=\"markdown prose dark:prose-invert w-full wrap-break-word dark markdown-new-styling\"><p data-start=\"0\" data-end=\"286\"><strong data-start=\"0\" data-end=\"24\">Datenschutzerkl\u00e4rung<\/strong><br data-start=\"24\" data-end=\"27\" \/><strong data-start=\"27\" data-end=\"41\">G\u00fcltig ab:<\/strong> Feburar 2026<br data-start=\"55\" data-end=\"58\" \/><strong data-start=\"58\" data-end=\"70\">Website:<\/strong> softsrl.de<br data-start=\"82\" data-end=\"85\" \/><strong data-start=\"85\" data-end=\"101\">Unternehmen:<\/strong> Softlite S.R.L.<br data-start=\"117\" data-end=\"120\" \/><strong data-start=\"120\" data-end=\"146\">Steuernummer (USt-ID):<\/strong> RO51878112<br data-start=\"157\" data-end=\"160\" \/><strong data-start=\"160\" data-end=\"183\">Eingetragener Sitz:<\/strong> Comuna L\u0103z\u0103reni, Nr. 38, Miheleu, Kreis Bihor, Rum\u00e4nien, 417313<br data-start=\"247\" data-end=\"250\" \/><strong data-start=\"250\" data-end=\"261\">E-Mail:<\/strong> <a class=\"decorated-link cursor-pointer\" rel=\"noopener\" data-start=\"262\" data-end=\"284\">softlite.srl@gmail.com<\/a><\/p><hr data-start=\"288\" data-end=\"291\" \/><h3 data-start=\"293\" data-end=\"314\"><strong data-start=\"297\" data-end=\"314\">1. Einleitung<\/strong><\/h3><p data-start=\"315\" data-end=\"672\">Softlite S.R.L. (\u201ewir\u201c, \u201euns\u201c oder \u201eunser\u201c) legt gro\u00dfen Wert auf den Schutz Ihrer Privatsph\u00e4re und verpflichtet sich, Ihre personenbezogenen Daten zu sch\u00fctzen.<br data-start=\"474\" data-end=\"477\" \/>Diese Datenschutzerkl\u00e4rung erl\u00e4utert, wie wir die Informationen, die Sie bei der Nutzung von softlite.ch oder beim Kauf unserer Produkte bereitstellen, erheben, verwenden, speichern und sch\u00fctzen.<\/p><p data-start=\"674\" data-end=\"803\">Durch die Nutzung unserer Website oder den Kauf unserer Produkte erkl\u00e4ren Sie sich mit dieser Datenschutzerkl\u00e4rung einverstanden.<\/p><hr data-start=\"805\" data-end=\"808\" \/><h3 data-start=\"810\" data-end=\"837\"><strong data-start=\"814\" data-end=\"837\">2. Verantwortlicher<\/strong><\/h3><p data-start=\"838\" data-end=\"951\">Der f\u00fcr die Verarbeitung Ihrer personenbezogenen Daten im Sinne der DSGVO verantwortliche Datenverarbeiter ist:<\/p><p data-start=\"953\" data-end=\"1068\"><strong data-start=\"953\" data-end=\"972\">Softlite S.R.L.<\/strong><br data-start=\"972\" data-end=\"975\" \/>Adresse: Comuna L\u0103z\u0103reni, Nr. 38, Miheleu, Bihor, Rum\u00e4nien<br data-start=\"1033\" data-end=\"1036\" \/>E-Mail: <a class=\"decorated-link cursor-pointer\" rel=\"noopener\" data-start=\"1044\" data-end=\"1066\">softlite.srl@gmail.com<\/a><\/p><hr data-start=\"1070\" data-end=\"1073\" \/><h3 data-start=\"1075\" data-end=\"1110\"><strong data-start=\"1079\" data-end=\"1110\">3. Welche Daten wir erheben<\/strong><\/h3><p data-start=\"1111\" data-end=\"1245\">Wir erheben nur jene Daten, die zur Abwicklung Ihrer Bestellung und zur Gew\u00e4hrleistung eines reibungslosen Services erforderlich sind.<\/p><p data-start=\"1247\" data-end=\"1307\"><strong data-start=\"1247\" data-end=\"1305\">a. Von Ihnen freiwillig bereitgestellte Informationen:<\/strong><\/p><ul data-start=\"1308\" data-end=\"1494\"><li data-start=\"1308\" data-end=\"1330\"><p data-start=\"1310\" data-end=\"1330\">Vollst\u00e4ndiger Name<\/p><\/li><li data-start=\"1331\" data-end=\"1349\"><p data-start=\"1333\" data-end=\"1349\">E-Mail-Adresse<\/p><\/li><li data-start=\"1350\" data-end=\"1370\"><p data-start=\"1352\" data-end=\"1370\">Rechnungsadresse<\/p><\/li><li data-start=\"1371\" data-end=\"1415\"><p data-start=\"1373\" data-end=\"1415\">Firmenname und USt-ID (falls zutreffend)<\/p><\/li><li data-start=\"1416\" data-end=\"1494\"><p data-start=\"1418\" data-end=\"1494\">Zahlungsdaten (werden sicher \u00fcber externe Zahlungsdienstleister verarbeitet)<\/p><\/li><\/ul><p data-start=\"1496\" data-end=\"1642\"><strong data-start=\"1496\" data-end=\"1538\">b. Automatisch erhobene Informationen:<\/strong><br data-start=\"1538\" data-end=\"1541\" \/>Beim Besuch unserer Website k\u00f6nnen automatisch bestimmte technische Daten erfasst werden, darunter:<\/p><ul data-start=\"1643\" data-end=\"1781\"><li data-start=\"1643\" data-end=\"1657\"><p data-start=\"1645\" data-end=\"1657\">IP-Adresse<\/p><\/li><li data-start=\"1658\" data-end=\"1685\"><p data-start=\"1660\" data-end=\"1685\">Browsertyp und -version<\/p><\/li><li data-start=\"1686\" data-end=\"1728\"><p data-start=\"1688\" data-end=\"1728\">Ger\u00e4teinformationen und Betriebssystem<\/p><\/li><li data-start=\"1729\" data-end=\"1781\"><p data-start=\"1731\" data-end=\"1781\">Besuchte Seiten und Verweildauer auf der Website<\/p><\/li><\/ul><p data-start=\"1783\" data-end=\"1889\">Diese Daten werden ausschlie\u00dflich f\u00fcr Analysezwecke, Sicherheit und die Optimierung der Website verwendet.<\/p><hr data-start=\"1891\" data-end=\"1894\" \/><h3 data-start=\"1896\" data-end=\"1934\"><strong data-start=\"1900\" data-end=\"1934\">4. Zweck der Datenverarbeitung<\/strong><\/h3><p data-start=\"1935\" data-end=\"2003\">Wir verarbeiten Ihre personenbezogenen Daten zu folgenden Zwecken:<\/p><ul data-start=\"2004\" data-end=\"2324\"><li data-start=\"2004\" data-end=\"2063\"><p data-start=\"2006\" data-end=\"2063\">Zur Abwicklung und Lieferung Ihrer digitalen Bestellung<\/p><\/li><li data-start=\"2064\" data-end=\"2126\"><p data-start=\"2066\" data-end=\"2126\">Zur Ausstellung und Zusendung von Mehrwertsteuerrechnungen<\/p><\/li><li data-start=\"2127\" data-end=\"2196\"><p data-start=\"2129\" data-end=\"2196\">Zur Bereitstellung von Kundensupport und Bearbeitung von Anfragen<\/p><\/li><li data-start=\"2197\" data-end=\"2261\"><p data-start=\"2199\" data-end=\"2261\">Zur Erf\u00fcllung gesetzlicher Buchhaltungs- und Steuerpflichten<\/p><\/li><li data-start=\"2262\" data-end=\"2324\"><p data-start=\"2264\" data-end=\"2324\">Zur Verbesserung unserer Website und des Nutzererlebnisses<\/p><\/li><\/ul><p data-start=\"2326\" data-end=\"2430\">Wir verkaufen, vermieten oder teilen Ihre personenbezogenen Daten nicht zu Marketingzwecken mit Dritten.<\/p><hr data-start=\"2432\" data-end=\"2435\" \/><h3 data-start=\"2437\" data-end=\"2480\"><strong data-start=\"2441\" data-end=\"2480\">5. Rechtsgrundlage der Verarbeitung<\/strong><\/h3><p data-start=\"2481\" data-end=\"2575\">Die Verarbeitung Ihrer Daten erfolgt auf einer oder mehreren der folgenden Rechtsgrundlagen:<\/p><ul data-start=\"2576\" data-end=\"2941\"><li data-start=\"2576\" data-end=\"2649\"><p data-start=\"2578\" data-end=\"2649\"><strong data-start=\"2578\" data-end=\"2600\">Vertragserf\u00fcllung:<\/strong> zur Lieferung der von Ihnen gekauften Produkte<\/p><\/li><li data-start=\"2650\" data-end=\"2747\"><p data-start=\"2652\" data-end=\"2747\"><strong data-start=\"2652\" data-end=\"2681\">Rechtliche Verpflichtung:<\/strong> zur Einhaltung steuer- und buchhaltungsrechtlicher Vorschriften<\/p><\/li><li data-start=\"2748\" data-end=\"2847\"><p data-start=\"2750\" data-end=\"2847\"><strong data-start=\"2750\" data-end=\"2777\">Berechtigtes Interesse:<\/strong> zur Gew\u00e4hrleistung der Website-Sicherheit und zur Betrugspr\u00e4vention<\/p><\/li><li data-start=\"2848\" data-end=\"2941\"><p data-start=\"2850\" data-end=\"2941\"><strong data-start=\"2850\" data-end=\"2867\">Einwilligung:<\/strong> f\u00fcr Newsletter- oder Marketing-E-Mails (sofern Sie diese abonniert haben)<\/p><\/li><\/ul><hr data-start=\"2943\" data-end=\"2946\" \/><h3 data-start=\"2948\" data-end=\"2972\"><strong data-start=\"2952\" data-end=\"2972\">6. Speicherdauer<\/strong><\/h3><p data-start=\"2973\" data-end=\"3056\">Wir speichern Ihre personenbezogenen Daten nur so lange, wie es erforderlich ist:<\/p><ul data-start=\"3057\" data-end=\"3237\"><li data-start=\"3057\" data-end=\"3133\"><p data-start=\"3059\" data-end=\"3133\">Bestell- und Rechnungsdaten: bis zu 10 Jahre (gesetzlich vorgeschrieben)<\/p><\/li><li data-start=\"3134\" data-end=\"3175\"><p data-start=\"3136\" data-end=\"3175\">Support-Kommunikation: bis zu 2 Jahre<\/p><\/li><li data-start=\"3176\" data-end=\"3237\"><p data-start=\"3178\" data-end=\"3237\">Newsletter-Abonnements: bis zum Widerruf Ihrer Einwilligung<\/p><\/li><\/ul><hr data-start=\"3239\" data-end=\"3242\" \/><h3 data-start=\"3244\" data-end=\"3270\"><strong data-start=\"3248\" data-end=\"3270\">7. Datensicherheit<\/strong><\/h3><p data-start=\"3271\" data-end=\"3560\">Wir treffen geeignete technische und organisatorische Ma\u00dfnahmen, um Ihre Daten vor Verlust, Missbrauch, unbefugtem Zugriff, Ver\u00e4nderung oder Zerst\u00f6rung zu sch\u00fctzen.<br data-start=\"3435\" data-end=\"3438\" \/>Ihre Zahlungsdaten werden von zertifizierten Zahlungsdienstleistern verarbeitet und nicht auf unseren Servern gespeichert.<\/p><hr data-start=\"3562\" data-end=\"3565\" \/><h3 data-start=\"3567\" data-end=\"3598\"><strong data-start=\"3571\" data-end=\"3598\">8. Weitergabe von Daten<\/strong><\/h3><p data-start=\"3599\" data-end=\"3647\">Wir geben Ihre Daten ausschlie\u00dflich weiter an:<\/p><ul data-start=\"3648\" data-end=\"3869\"><li data-start=\"3648\" data-end=\"3717\"><p data-start=\"3650\" data-end=\"3717\">Zahlungsdienstleister (zur sicheren Abwicklung von Transaktionen)<\/p><\/li><li data-start=\"3718\" data-end=\"3806\"><p data-start=\"3720\" data-end=\"3806\">Buchhaltungs- und Rechnungsdienstleister (zur Einhaltung steuerrechtlicher Vorgaben)<\/p><\/li><li data-start=\"3807\" data-end=\"3869\"><p data-start=\"3809\" data-end=\"3869\">IT-Dienstleister (f\u00fcr Website-Hosting und E-Mail-Zustellung)<\/p><\/li><\/ul><p data-start=\"3871\" data-end=\"3952\">Alle Partner sind DSGVO-konform und vertraglich zur Vertraulichkeit verpflichtet.<\/p><hr data-start=\"3954\" data-end=\"3957\" \/><h3 data-start=\"3959\" data-end=\"4003\"><strong data-start=\"3963\" data-end=\"4003\">9. Cookies und Tracking-Technologien<\/strong><\/h3><p data-start=\"4004\" data-end=\"4310\">Unsere Website verwendet Cookies, um das Nutzererlebnis zu verbessern und den Website-Verkehr zu analysieren.<br data-start=\"4113\" data-end=\"4116\" \/>Cookies sind kleine Dateien, die auf Ihrem Ger\u00e4t gespeichert werden und uns helfen, Ihre Pr\u00e4ferenzen zu erkennen.<br data-start=\"4229\" data-end=\"4232\" \/>Sie k\u00f6nnen Cookies jederzeit in den Einstellungen Ihres Browsers deaktivieren.<\/p><hr data-start=\"4312\" data-end=\"4315\" \/><h3 data-start=\"4317\" data-end=\"4355\"><strong data-start=\"4321\" data-end=\"4355\">10. Ihre Rechte nach der DSGVO<\/strong><\/h3><p data-start=\"4356\" data-end=\"4382\">Sie haben das Recht auf:<\/p><ul data-start=\"4383\" data-end=\"4681\"><li data-start=\"4383\" data-end=\"4429\"><p data-start=\"4385\" data-end=\"4429\">Auskunft \u00fcber Ihre personenbezogenen Daten<\/p><\/li><li data-start=\"4430\" data-end=\"4484\"><p data-start=\"4432\" data-end=\"4484\">Berichtigung oder Aktualisierung unrichtiger Daten<\/p><\/li><li data-start=\"4485\" data-end=\"4539\"><p data-start=\"4487\" data-end=\"4539\">L\u00f6schung Ihrer Daten (\u201eRecht auf Vergessenwerden\u201c)<\/p><\/li><li data-start=\"4540\" data-end=\"4603\"><p data-start=\"4542\" data-end=\"4603\">Widerspruch gegen die Verarbeitung aus berechtigten Gr\u00fcnden<\/p><\/li><li data-start=\"4604\" data-end=\"4628\"><p data-start=\"4606\" data-end=\"4628\">Daten\u00fcbertragbarkeit<\/p><\/li><li data-start=\"4629\" data-end=\"4681\"><p data-start=\"4631\" data-end=\"4681\">Widerruf Ihrer Einwilligung (bei Marketingzwecken)<\/p><\/li><\/ul><p data-start=\"4683\" data-end=\"4775\">Zur Aus\u00fcbung dieser Rechte kontaktieren Sie uns bitte unter:<br data-start=\"4743\" data-end=\"4746\" \/>\ud83d\udce7 <strong data-start=\"4749\" data-end=\"4775\"><a class=\"decorated-link cursor-pointer\" rel=\"noopener\" data-start=\"4751\" data-end=\"4773\">softlite.srl@gmail.com<\/a><\/strong><\/p><hr data-start=\"4777\" data-end=\"4780\" \/><h3 data-start=\"4782\" data-end=\"4828\"><strong data-start=\"4786\" data-end=\"4828\">11. Internationale Daten\u00fcbermittlungen<\/strong><\/h3><p data-start=\"4829\" data-end=\"4997\">Alle personenbezogenen Daten werden innerhalb der Europ\u00e4ischen Union gespeichert und verarbeitet. Es findet keine \u00dcbermittlung von Daten au\u00dferhalb der EU\/des EWR statt.<\/p><hr data-start=\"4999\" data-end=\"5002\" \/><h3 data-start=\"5004\" data-end=\"5048\"><strong data-start=\"5008\" data-end=\"5048\">12. Newsletter und Marketing-E-Mails<\/strong><\/h3><p data-start=\"5049\" data-end=\"5327\">Wenn Sie unseren Newsletter abonnieren, verwenden wir Ihre E-Mail-Adresse, um Ihnen Produktneuigkeiten, Aktionen und Sonderangebote zuzusenden.<br data-start=\"5192\" data-end=\"5195\" \/>Sie k\u00f6nnen den Newsletter jederzeit \u00fcber den \u201eAbmelden\u201c-Link in jeder E-Mail oder durch direkte Kontaktaufnahme mit uns abbestellen.<\/p><hr data-start=\"5329\" data-end=\"5332\" \/><h3 data-start=\"5334\" data-end=\"5372\"><strong data-start=\"5338\" data-end=\"5372\">13. Links zu externen Websites<\/strong><\/h3><p data-start=\"5373\" data-end=\"5504\">Unsere Website kann Links zu Websites Dritter enthalten. Wir sind nicht f\u00fcr deren Inhalte oder Datenschutzpraktiken verantwortlich.<\/p><hr data-start=\"5506\" data-end=\"5509\" \/><h3 data-start=\"5511\" data-end=\"5561\"><strong data-start=\"5515\" data-end=\"5561\">14. \u00c4nderungen dieser Datenschutzerkl\u00e4rung<\/strong><\/h3><p data-start=\"5562\" data-end=\"5809\">Wir behalten uns vor, diese Datenschutzerkl\u00e4rung gelegentlich zu aktualisieren, um rechtlichen \u00c4nderungen oder Verbesserungen unserer Datenschutzpraktiken Rechnung zu tragen.<br data-start=\"5736\" data-end=\"5739\" \/>Die jeweils aktuelle Version ist jederzeit auf dieser Seite verf\u00fcgbar.<\/p><hr data-start=\"5811\" data-end=\"5814\" \/><h3 data-start=\"5816\" data-end=\"5835\"><strong data-start=\"5820\" data-end=\"5835\">15. Kontakt<\/strong><\/h3><p data-start=\"5836\" data-end=\"5928\" data-is-last-node=\"\" data-is-only-node=\"\">Bei Fragen zum Datenschutz kontaktieren Sie uns bitte unter:<br data-start=\"5896\" data-end=\"5899\" \/>\ud83d\udce7 <strong data-start=\"5902\" data-end=\"5928\" data-is-last-node=\"\"><a class=\"decorated-link cursor-pointer\" rel=\"noopener\" data-start=\"5904\" data-end=\"5926\">softlite.srl@gmail.com<\/a><\/strong><\/p><\/div><\/div><\/div><\/div><div class=\"z-0 flex min-h-[46px] justify-start\">\u00a0<\/div><div class=\"mt-3 w-full empty:hidden\"><div class=\"text-center\">\u00a0<\/div><\/div><\/div><\/div><\/article><\/div><div class=\"pointer-events-none h-px w-px absolute bottom-0\" aria-hidden=\"true\" data-edge=\"true\">\u00a0<\/div>\t\t\t\t\t\t\t\t<\/div>\n\t\t\t\t\t<\/div>\n\t\t\t\t<\/div>\n\t\t\t\t<\/div>\n\t\t","protected":false},"excerpt":{"rendered":"<p>Datenschutzerkl\u00e4rungG\u00fcltig ab: Feburar 2026Website: softsrl.deUnternehmen: Softlite S.R.L.Steuernummer (USt-ID): RO51878112Eingetragener Sitz: Comuna L\u0103z\u0103reni, Nr. 38, Miheleu, Kreis Bihor, Rum\u00e4nien, 417313E-Mail: softlite.srl@gmail.com 1. Einleitung Softlite S.R.L. (\u201ewir\u201c, \u201euns\u201c oder \u201eunser\u201c) legt gro\u00dfen Wert auf den Schutz Ihrer Privatsph\u00e4re und verpflichtet sich, Ihre personenbezogenen Daten zu sch\u00fctzen.Diese Datenschutzerkl\u00e4rung erl\u00e4utert, wie wir die Informationen, die Sie bei der Nutzung [&hellip;]<\/p>\n","protected":false},"author":1,"featured_media":0,"parent":0,"menu_order":0,"comment_status":"closed","ping_status":"closed","template":"","meta":{"footnotes":""},"class_list":["post-980","page","type-page","status-publish","hentry"],"blocksy_meta":[],"_links":{"self":[{"href":"https:\/\/softsrl.de\/de\/wp-json\/wp\/v2\/pages\/980","targetHints":{"allow":["GET"]}}],"collection":[{"href":"https:\/\/softsrl.de\/de\/wp-json\/wp\/v2\/pages"}],"about":[{"href":"https:\/\/softsrl.de\/de\/wp-json\/wp\/v2\/types\/page"}],"author":[{"embeddable":true,"href":"https:\/\/softsrl.de\/de\/wp-json\/wp\/v2\/users\/1"}],"replies":[{"embeddable":true,"href":"https:\/\/softsrl.de\/de\/wp-json\/wp\/v2\/comments?post=980"}],"version-history":[{"count":4,"href":"https:\/\/softsrl.de\/de\/wp-json\/wp\/v2\/pages\/980\/revisions"}],"predecessor-version":[{"id":1219,"href":"https:\/\/softsrl.de\/de\/wp-json\/wp\/v2\/pages\/980\/revisions\/1219"}],"wp:attachment":[{"href":"https:\/\/softsrl.de\/de\/wp-json\/wp\/v2\/media?parent=980"}],"curies":[{"name":"wp","href":"https:\/\/api.w.org\/{rel}","templated":true}]}}